{"id":2135,"date":"2018-02-03T10:19:42","date_gmt":"2018-02-03T10:19:42","guid":{"rendered":"http:\/\/www.ninabuschmann.com\/?page_id=2135"},"modified":"2025-07-23T16:13:27","modified_gmt":"2025-07-23T16:13:27","slug":"impressum","status":"publish","type":"page","link":"https:\/\/ninabuschmann.com\/de\/impressum\/","title":{"rendered":"Impressum"},"content":{"rendered":"\n<style type=\"text\/css\" data-created_by=\"avia_inline_auto\" id=\"style-css-av-jk75w42b-086a31405a7527293035f7e61c2a7a39\">\n#top .hr.hr-invisible.av-jk75w42b-086a31405a7527293035f7e61c2a7a39{\nheight:20px;\n}\n<\/style>\n<div  class='hr av-jk75w42b-086a31405a7527293035f7e61c2a7a39 hr-invisible  avia-builder-el-0  el_before_av_textblock  avia-builder-el-first '><span class='hr-inner '><span class=\"hr-inner-style\"><\/span><\/span><\/div>\n<section  class='av_textblock_section av-jk75wt2g-39506a82d9a2a6de9259e4dd4a346e62 '   itemscope=\"itemscope\" itemtype=\"https:\/\/schema.org\/CreativeWork\" ><div class='avia_textblock'  itemprop=\"text\" ><p><strong>Impressum<\/strong><\/p>\n<p>Nina Buschmann<\/p>\n<p>Teach!Learn!Travel!<\/p>\n<p>Zugspitzweg 5<\/p>\n<p>82057 Icking<\/p>\n<p><strong>Kontakt<\/strong><\/p>\n<p>Telefon: 01771973246<\/p>\n<p>E-Mail: <span \n                data-original-string='FtryucBjMrgnnue4srWdhQ==615Qt50XxtwrdqCOyIRaG\/v5hLH15LKV0FTADiUJ\/RQU2A='\n                class='apbct-email-encoder'\n                title='Dieser Kontakt wurde von Anti-Spam by CleanTalk verschl\u00fcsselt. Klicken Sie hier, um ihn zu entschl\u00fcsseln. Um die Entschl\u00fcsselung abzuschlie\u00dfen, stellen Sie sicher, dass JavaScript in Ihrem Browser aktiviert ist.'>ni<span class=\"apbct-blur\">**<\/span>@<span class=\"apbct-blur\">***********<\/span>nn.com<\/span><\/p>\n<p><strong>Verantwortlich f\u00fcr den Inhalt<\/strong><\/p>\n<p>Nina Buschmann<\/p>\n<p>E-Mail: <span \n                data-original-string='O7HmDvvJh5XTP6nrTHUtow==615JaI1dAPEC\/rHFilDPXh2mle64a8Ur0Eiz842nsyTs+I='\n                class='apbct-email-encoder'\n                title='Dieser Kontakt wurde von Anti-Spam by CleanTalk verschl\u00fcsselt. Klicken Sie hier, um ihn zu entschl\u00fcsseln. Um die Entschl\u00fcsselung abzuschlie\u00dfen, stellen Sie sicher, dass JavaScript in Ihrem Browser aktiviert ist.'>ni<span class=\"apbct-blur\">**<\/span>@<span class=\"apbct-blur\">***********<\/span>nn.com<\/span><\/p>\n<p><strong>Umsatzsteuer-ID<\/strong><\/p>\n<p>Umsatzsteuer-Identifikationsnummer gema\u0308\u00df \u00a7 27 a Umsatzsteuergesetz: DE232694130<\/p>\n<p><strong>Verbraucherstreitbeilegung\/Universalschlichtungsstelle<\/strong><\/p>\n<p>Wir sind nicht bereit oder verpflichtet, an Streitbeilegungsverfahren vor einer Verbraucherschlichtungsstelle teilzunehmen.<\/p>\n<\/div><\/section>\n<div  class='hr av-5rw6nr-c7a732a0a1da34dd06fe49915399737d hr-default  avia-builder-el-2  el_after_av_textblock  avia-builder-el-last '><span class='hr-inner '><span class=\"hr-inner-style\"><\/span><\/span><\/div>\n","protected":false},"excerpt":{"rendered":"","protected":false},"author":2,"featured_media":0,"parent":0,"menu_order":0,"comment_status":"closed","ping_status":"closed","template":"","meta":{"footnotes":""},"class_list":["post-2135","page","type-page","status-publish","hentry"],"post_mailing_queue_ids":[],"_links":{"self":[{"href":"https:\/\/ninabuschmann.com\/de\/wp-json\/wp\/v2\/pages\/2135","targetHints":{"allow":["GET"]}}],"collection":[{"href":"https:\/\/ninabuschmann.com\/de\/wp-json\/wp\/v2\/pages"}],"about":[{"href":"https:\/\/ninabuschmann.com\/de\/wp-json\/wp\/v2\/types\/page"}],"author":[{"embeddable":true,"href":"https:\/\/ninabuschmann.com\/de\/wp-json\/wp\/v2\/users\/2"}],"replies":[{"embeddable":true,"href":"https:\/\/ninabuschmann.com\/de\/wp-json\/wp\/v2\/comments?post=2135"}],"version-history":[{"count":2,"href":"https:\/\/ninabuschmann.com\/de\/wp-json\/wp\/v2\/pages\/2135\/revisions"}],"predecessor-version":[{"id":40378,"href":"https:\/\/ninabuschmann.com\/de\/wp-json\/wp\/v2\/pages\/2135\/revisions\/40378"}],"wp:attachment":[{"href":"https:\/\/ninabuschmann.com\/de\/wp-json\/wp\/v2\/media?parent=2135"}],"curies":[{"name":"wp","href":"https:\/\/api.w.org\/{rel}","templated":true}]}}