{"id":2620,"date":"2017-04-25T09:39:30","date_gmt":"2017-04-25T09:39:30","guid":{"rendered":"http:\/\/www.ninabuschmann.com\/um-die-welt-liste-aller-bereisten-lander"},"modified":"2026-02-11T15:57:54","modified_gmt":"2026-02-11T15:57:54","slug":"liste-aller-besuchten-laender","status":"publish","type":"page","link":"https:\/\/ninabuschmann.com\/de\/liste-aller-besuchten-laender\/","title":{"rendered":"Rund um die Welt &#8211; Liste aller besuchten L\u00e4nder"},"content":{"rendered":"\n<style type=\"text\/css\" data-created_by=\"avia_inline_auto\" id=\"style-css-av-kjn263fx-337b678ec1671dbc0eb4b56dd198e90d\">\n#top .av-special-heading.av-kjn263fx-337b678ec1671dbc0eb4b56dd198e90d{\npadding-bottom:10px;\n}\nbody .av-special-heading.av-kjn263fx-337b678ec1671dbc0eb4b56dd198e90d .av-special-heading-tag .heading-char{\nfont-size:25px;\n}\n.av-special-heading.av-kjn263fx-337b678ec1671dbc0eb4b56dd198e90d .av-subheading{\nfont-size:15px;\n}\n<\/style>\n<div  class='av-special-heading av-kjn263fx-337b678ec1671dbc0eb4b56dd198e90d av-special-heading-h1 blockquote modern-quote av-linked-heading'><h1 class='av-special-heading-tag '  itemprop=\"headline\"  >Um die Welt <\/h1><div class='av-subheading av-subheading_below'><p>L\u00e4nder, die ich alleine oder mit meinem kleinen Sohn bereist habe<\/p>\n<\/div><div class=\"special-heading-border\"><div class=\"special-heading-inner-border\"><\/div><\/div><\/div>\n\n<style type=\"text\/css\" data-created_by=\"avia_inline_auto\" id=\"style-css-av-jnmkoz-c79a4fd09fc0844860045a2dfc5d437a\">\n#top .hr.hr-invisible.av-jnmkoz-c79a4fd09fc0844860045a2dfc5d437a{\nheight:50px;\n}\n<\/style>\n<div  class='hr av-jnmkoz-c79a4fd09fc0844860045a2dfc5d437a hr-invisible'><span class='hr-inner '><span class=\"hr-inner-style\"><\/span><\/span><\/div>\n\n<style type=\"text\/css\" data-created_by=\"avia_inline_auto\" id=\"style-css-av-m24uw0e5-d731339467e743956bd299e8750d5ec6\">\n.avia-image-container.av-m24uw0e5-d731339467e743956bd299e8750d5ec6 img.avia_image{\nbox-shadow:none;\n}\n.avia-image-container.av-m24uw0e5-d731339467e743956bd299e8750d5ec6 .av-image-caption-overlay-center{\ncolor:#ffffff;\n}\n<\/style>\n<div  class='avia-image-container av-m24uw0e5-d731339467e743956bd299e8750d5ec6 av-styling- avia-align-center  avia-builder-el-0  el_before_av_heading  avia-builder-el-first  av-has-copyright av-copyright-always'   itemprop=\"image\" itemscope=\"itemscope\" itemtype=\"https:\/\/schema.org\/ImageObject\" ><div class=\"avia-image-container-inner\"><div class=\"avia-image-overlay-wrap\"><img decoding=\"async\" fetchpriority=\"high\" class='wp-image-2483 avia-img-lazy-loading-not-2483 avia_image ' src=\"https:\/\/ninabuschmann.com\/wp-content\/uploads\/2017\/04\/e833b60b29f5013ed95c4518b7454191eb73ebc818b5184393f9c971afe5_640-300x198.jpg\" alt='alt=&quot;&quot;' title='Reisen rund um den Globus'  height=\"198\" width=\"300\"  itemprop=\"thumbnailUrl\" srcset=\"https:\/\/ninabuschmann.com\/wp-content\/uploads\/2017\/04\/e833b60b29f5013ed95c4518b7454191eb73ebc818b5184393f9c971afe5_640-300x198.jpg 300w, https:\/\/ninabuschmann.com\/wp-content\/uploads\/2017\/04\/e833b60b29f5013ed95c4518b7454191eb73ebc818b5184393f9c971afe5_640-450x297.jpg 450w, https:\/\/ninabuschmann.com\/wp-content\/uploads\/2017\/04\/e833b60b29f5013ed95c4518b7454191eb73ebc818b5184393f9c971afe5_640.jpg 640w\" sizes=\"(max-width: 300px) 100vw, 300px\" \/><\/div><small class=\"avia-copyright\">https:\/\/pixabay.com\/de\/users\/alexas_fotos-686414\/<\/small><\/div><\/div>\n\n<style type=\"text\/css\" data-created_by=\"avia_inline_auto\" id=\"style-css-av-20zs4j-ce0aac3140241fc056c37ef2c22f9f74\">\n#top .hr.hr-invisible.av-20zs4j-ce0aac3140241fc056c37ef2c22f9f74{\nheight:50px;\n}\n<\/style>\n<div  class='hr av-20zs4j-ce0aac3140241fc056c37ef2c22f9f74 hr-invisible'><span class='hr-inner '><span class=\"hr-inner-style\"><\/span><\/span><\/div>\n<section  class='av_textblock_section av-gxz21v-3af977527295832aed4b6756e3e4628a '   itemscope=\"itemscope\" itemtype=\"https:\/\/schema.org\/CreativeWork\" ><div class='avia_textblock'  itemprop=\"text\" ><p><span style=\"color: #993300\">Albanien<\/span>, <span style=\"color: #993300\">Algerien,<\/span> <span style=\"color: #993300\">Andorra<\/span>, Argentinien, <span style=\"color: #993300\">Armenien<\/span>, <span style=\"color: #993300\">Aserbaidschan, <\/span>Australien, Bahamas, Belarus, <span style=\"color: #993300\">Belgien<\/span>, Bermuda, Bolivien, Bonaire, <span style=\"color: #993300\">Bosnien und Herzegowina, Botswana, Brasilien,<\/span> Britische Jungferninseln, <span style=\"color: #993300\">Bulgarien<\/span>, Chile, China, <span style=\"color: #993300\">Costa Rica, Cura\u00e7ao<\/span>, <span style=\"color: #993300\">D\u00e4nemark<\/span>, <span style=\"color: #993300\">Deutschland, <\/span>Ecuador, El Salvador, England, <span style=\"color: #993300\">Estland, Finnland, Frankreich, Georgien, Gibraltar, Griechenland<\/span>, Guatemala, <span style=\"color: #993300\">Guyana,<\/span> <span style=\"color: #993300\">Hongkong, Indien, Indonesien, Iran, Irland,<\/span> <span style=\"color: #993300\">Italien<\/span>, Jamaika, Japan, <span style=\"color: #993300\">Jordanien<\/span>, Kambodscha, <span style=\"color: #993300\">Kasakhstan<\/span> <span style=\"color: #993300\">Kirgisien<\/span>, Kolumbien, <span style=\"color: #993300\">Kosovo<\/span>, <span style=\"color: #993300\">Kroatien, Kuba, <\/span>Laos, <span style=\"color: #993300\">Lettland<\/span>, Libanon, <span style=\"color: #993300\">Israel,<\/span> <span style=\"color: #993300\">Italien<\/span>, Jamaika, Japan, Jordanien,  <span style=\"color: #993300\">Malta<\/span>, Mauritius, <span style=\"color: #993300\">Mazedonien, Mexiko, Moldawien,<\/span> Monaco, Mongolei, <span style=\"color: #993300\">Montenegro, Myanmar, Namibia<\/span>, Nepal, <span style=\"color: #993300\">Lettland<\/span>, Libanon,  <span style=\"color: #993300\">\u00d6sterreich, Panama,<\/span> Peru, <span style=\"color: #993300\">Polen,<\/span> Portugal, <span style=\"color: #993300\">Rum\u00e4nien<\/span>, Russische F\u00f6deration, R\u00e9union, <span style=\"color: #993300\">San Marino<\/span>, Schottland, Schweden, <span style=\"color: #993300\">Schweiz,<\/span> Serbien, Singapur, <span style=\"color: #993300\">Slowakei, Slowenien<\/span>, S\u00fcdafrika, <span style=\"color: #993300\">Spanien,<\/span> <span style=\"color: #993300\">Spanien<\/span> <span style=\"color: #993300\">Netherlands<\/span>, New Zealand, Nicaragua, Northern Ireland,<br \/>\n<span style=\"color: #993300\">Norwegen, Oman<\/span> <span style=\"color: #993300\">Norwegen, Oman<\/span> <span style=\"color: #993300\">Pal\u00e4stina,<\/span> <span style=\"color: #993300\">Panama <\/span>, Peru, <span style=\"color: #993300\">Polen<\/span>, <span style=\"color: #993300\">Portugal<\/span>, <span style=\"color: #993300\">Rum\u00e4nien<\/span>, Russische F\u00f6deration, R\u00e9union, <span style=\"color: #993300\">San Marino<\/span>, Schottland, <span style=\"color: #993300\">Serbien,<\/span> <span style=\"color: #993300\">Seychellen,<\/span> Singapur, <span style=\"color: #993300\">Slowakei, Slowenien, S\u00fcdafrika<\/span>, <span style=\"color: #993300\">Spanien,<\/span> <span style=\"color: #993300\">Schweden,<\/span> <span style=\"color: #993300\">Schweiz,<\/span> Syrien <span style=\"color: #993300\">Tajikistan,<\/span> Tanzania, Thailand, <span style=\"color: #993300\">Transnistrien<\/span>, <span style=\"color: #993300\">Trinidad und Tobago<\/span>, <span style=\"color: #993300\">Tunesien,<\/span> <span style=\"color: #993300\">T\u00fcrkei, Ukraine, Vereinigte Arabische Emirate,<\/span> <span style=\"color: #993300\">USA,<\/span> <span style=\"color: #993300\">Usbekistan, <\/span>Vatican, Venezuela, Vietnam, <span style=\"color: #993300\">Wales,<\/span> <span style=\"color: #993300\">Simbabwe<\/span><\/p>\n<h2><\/h2>\n<\/div><\/section>\n<section  class='av_textblock_section av-fdlis3-a9118c40e22d069bfc79e85725c94a13 '   itemscope=\"itemscope\" itemtype=\"https:\/\/schema.org\/CreativeWork\" ><div class='avia_textblock'  itemprop=\"text\" ><p><span style=\"color: #993300\">* Hervorgehoben sind die L\u00e4nder, die mein Sohn und ich gemeinsam erkundet haben.<\/span><\/p>\n<\/div><\/section>\n\n<style type=\"text\/css\" data-created_by=\"avia_inline_auto\" id=\"style-css-av-esbx1v-b9874472730087e0dda65b82be9dcfc2\">\n#top .hr.hr-invisible.av-esbx1v-b9874472730087e0dda65b82be9dcfc2{\nheight:50px;\n}\n<\/style>\n<div  class='hr av-esbx1v-b9874472730087e0dda65b82be9dcfc2 hr-invisible'><span class='hr-inner '><span class=\"hr-inner-style\"><\/span><\/span><\/div>\n<section  class='av_textblock_section av-ceixcj-448620ca0dca9169b3bc78a30b52b8c7 '   itemscope=\"itemscope\" itemtype=\"https:\/\/schema.org\/CreativeWork\" ><div class='avia_textblock'  itemprop=\"text\" ><p># 2020: Als mein Sohn 20 Monate alt war, hatte er 20 L\u00e4nder besucht<\/p>\n<p># 3030: Mit 30 Monaten 30 L\u00e4nder<\/p>\n<p># 4040: Mein Sohn hat sein 40. Land an meinem 40. Geburtstag besucht<\/p>\n<p># 4545: Im Alter von 4,5 Jahren besuchte er sein 45. Land<\/p>\n<p># 555: Bis zu seinem 5. Geburtstag hatte er 55 L\u00e4nder bereist<\/p>\n<p>#0660: Mit 6 Jahren war er bereits in 60 L\u00e4ndern<\/p>\n<\/div><\/section>\n\n<style type=\"text\/css\" data-created_by=\"avia_inline_auto\" id=\"style-css-av-abs62b-a7b27e287e09835679c2f1a7ecd2c1ac\">\n#top .hr.hr-invisible.av-abs62b-a7b27e287e09835679c2f1a7ecd2c1ac{\nheight:50px;\n}\n<\/style>\n<div  class='hr av-abs62b-a7b27e287e09835679c2f1a7ecd2c1ac hr-invisible'><span class='hr-inner '><span class=\"hr-inner-style\"><\/span><\/span><\/div>\n\n<style type=\"text\/css\" data-created_by=\"avia_inline_auto\" id=\"style-css-av-3arl43-77adb67d1a360ac335aa70cfcf1a0825\">\n#top .av-special-heading.av-3arl43-77adb67d1a360ac335aa70cfcf1a0825{\npadding-bottom:10px;\n}\nbody .av-special-heading.av-3arl43-77adb67d1a360ac335aa70cfcf1a0825 .av-special-heading-tag .heading-char{\nfont-size:25px;\n}\n.av-special-heading.av-3arl43-77adb67d1a360ac335aa70cfcf1a0825 .av-subheading{\nfont-size:15px;\n}\n<\/style>\n<div  class='av-special-heading av-3arl43-77adb67d1a360ac335aa70cfcf1a0825 av-special-heading-h2 blockquote modern-quote  avia-builder-el-1  el_after_av_image  el_before_av_hr '><h2 class='av-special-heading-tag '  itemprop=\"headline\"  >Lesematerial<\/h2><div class='av-subheading av-subheading_below'><p>Links zu B\u00fcchern und Artikeln, die ich \u00fcber meine Reiseabenteuer geschrieben habe<\/p>\n<\/div><div class=\"special-heading-border\"><div class=\"special-heading-inner-border\"><\/div><\/div><\/div>\n<section  class='av_textblock_section av-8580sj-3f9442591b801b4b07e04b86012728a9 '   itemscope=\"itemscope\" itemtype=\"https:\/\/schema.org\/CreativeWork\" ><div class='avia_textblock'  itemprop=\"text\" ><p>Dank meiner Eltern bin ich seit meiner Kindheit unterwegs. Wir besuchten viele Orte und L\u00e4nder zusammen, und als ich \u00e4lter wurde, begann ich meine <strong>eigenen Abenteuer auf der ganzen Welt<\/strong> zu erleben. \u00dcber die vielen Jahre haben sich unz\u00e4hlige Geschichten und Erlebnisse angesammelt, die ich immer zeitnah in einem Tagebuch aufgeschrieben habe.<\/p>\n<p>2011 habe ich mein erstes Buch \u00fcber 8 Jahre als Sprachlehrerin auf der ganzen Welt ver\u00f6ffentlicht.<\/p>\n<p><a href=\"https:\/\/www.ninabuschmann.com\/de\/wo-bitte-gehts-hier-um-die-welt\" target=\"_blank\" rel=\"noopener noreferrer\">&#8222;Wo bitte geht&#8217;s hier um die Welt? &#8211; 8 Jahre Abenteuer und Reisen einer Fremdsprachenlehrerin&#8220;<\/a><\/p>\n<p>Ein paar Jahre sp\u00e4ter schrieb ich ein zweites Buch \u00fcber mein Arbeits- und Privatleben im Sultanat Oman.<\/p>\n<p><a href=\"https:\/\/www.ninabuschmann.com\/de\/zwischen-bikini-und-abaya\" target=\"_blank\" rel=\"noopener noreferrer\">&#8222;Zwischen Bikini und Abaya&#8220;- Erlebnisse aus 3 Jahren Oman<\/a><\/p>\n<p>Eines der vielen Dinge, das mich am Nahen Osten faszinierte, war die W\u00fcste. <a href=\"https:\/\/www.ninabuschmann.com\/desert-crossing-sharqiya\" target=\"_blank\" rel=\"noopener\">\u00dcber die h\u00f6chsten D\u00fcnen fahren<\/a> und viele N\u00e4chte in Stille unter den Sternen verbringen &#8230; ein Abenteuer, das man unbedingt erleben sollte.<\/p>\n<p>&#8222;Nah Dran&#8220;, ein deutsches Magazin, hat einen Artikel \u00fcber meine <a href=\"https:\/\/www.ninabuschmann.com\/de\/6-monate-von-deutschland-auf-dem-landweg-durch-asien\" target=\"_blank\" rel=\"noopener\">6-monatige \u00dcberlandreise von meiner Heimatstadt Icking im S\u00fcden M\u00fcnchens bis nach Indien<\/a> ver\u00f6ffentlicht. Unglaublich, wie weit man kommt, wenn man nur &#8222;ein paar Mal&#8220; umsteigt! Ein Teil dieser Reise brachte mich nach <a href=\"https:\/\/www.ninabuschmann.com\/de\/tibetkonflikt\" target=\"_blank\" rel=\"noopener\">Tibet,<\/a> gerade als der Konflikt nach vielen Jahren des Friedens wieder ausbrach. Da vor den Olympischen Spielen in China kaum Journalisten ins Land gelassen wurden, berichtete ich \u00fcber meine Erfahrungen dort.<\/p>\n<p>Eines der sch\u00f6nsten und gastfreundlichsten L\u00e4nder ist der <strong>Iran<\/strong>. Ihre Wahrnehmung vom Westen ist genauso \u00fcbertrieben und falsch, wie die unsrige \u00fcber sie. Medien zeigen eben oft nur die politische Seite. Auf einem <a href=\"https:\/\/www.ninabuschmann.com\/de\/roadtrip-iran\" target=\"_blank\" rel=\"noopener noreferrer\">unglaublichen Roadtrip<\/a> konnten wir unsere Ansichten austauschen und korrigieren und ein Verst\u00e4ndnis f\u00fcreinander entwickeln.<\/p>\n<\/div><\/section>\n<section  class='av_textblock_section av-67fl9f-674c7577bc276029977f64ce66fbc431 '   itemscope=\"itemscope\" itemtype=\"https:\/\/schema.org\/CreativeWork\" ><div class='avia_textblock'  itemprop=\"text\" ><p>&#8222;Nah Dran&#8220; ver\u00f6ffentlichte im <a href=\"https:\/\/www.ninabuschmann.com\/de\/weltreisen-mit-kind\" target=\"_blank\" rel=\"noopener noreferrer\">Mai 2016 auch einen Artikel \u00fcber unsere Reise durch den Kaukasus. <\/a><\/p>\n<p>Hast du dich jemals gefragt, wie es ist, <a href=\"https:\/\/www.ninabuschmann.com\/backpacking-myanmar-baby\" target=\"_blank\" rel=\"noopener noreferrer\">mit einem 13 Monate alten Baby in Myanmar mit dem Rucksack <\/a> unterwegs zu sein? Auf jeden Fall eine erstaunliche und sehr lohnende Erfahrung!<\/p>\n<\/div><\/section>\n\n<style type=\"text\/css\" data-created_by=\"avia_inline_auto\" id=\"style-css-av-mli7e782-c6171270578baf338f775bf7b339de5c\">\n#top .hr.hr-invisible.av-mli7e782-c6171270578baf338f775bf7b339de5c{\nheight:50px;\n}\n<\/style>\n<div  class='hr av-mli7e782-c6171270578baf338f775bf7b339de5c hr-invisible  avia-builder-el-2  el_after_av_heading  el_before_av_textblock '><span class='hr-inner '><span class=\"hr-inner-style\"><\/span><\/span><\/div>\n<div class=\"shariff\"><ul class=\"shariff-buttons theme-default orientation-horizontal buttonsize-medium\"><li class=\"shariff-button mailto shariff-nocustomcolor\" style=\"background-color:#a8a8a8\"><a href=\"mailto:?body=https%3A%2F%2Fninabuschmann.com%2Fde%2Fliste-aller-besuchten-laender%2F&subject=Rund%20um%20die%20Welt%20%E2%80%93%20Liste%20aller%20besuchten%20L%C3%A4nder\" title=\"Per E-Mail versenden\" aria-label=\"Per E-Mail versenden\" role=\"button\" rel=\"noopener nofollow\" class=\"shariff-link\" style=\"; background-color:#999; color:#fff\"><span class=\"shariff-icon\" style=\"\"><svg width=\"32px\" height=\"20px\" xmlns=\"http:\/\/www.w3.org\/2000\/svg\" viewBox=\"0 0 32 32\"><path fill=\"#999\" d=\"M32 12.7v14.2q0 1.2-0.8 2t-2 0.9h-26.3q-1.2 0-2-0.9t-0.8-2v-14.2q0.8 0.9 1.8 1.6 6.5 4.4 8.9 6.1 1 0.8 1.6 1.2t1.7 0.9 2 0.4h0.1q0.9 0 2-0.4t1.7-0.9 1.6-1.2q3-2.2 8.9-6.1 1-0.7 1.8-1.6zM32 7.4q0 1.4-0.9 2.7t-2.2 2.2q-6.7 4.7-8.4 5.8-0.2 0.1-0.7 0.5t-1 0.7-0.9 0.6-1.1 0.5-0.9 0.2h-0.1q-0.4 0-0.9-0.2t-1.1-0.5-0.9-0.6-1-0.7-0.7-0.5q-1.6-1.1-4.7-3.2t-3.6-2.6q-1.1-0.7-2.1-2t-1-2.5q0-1.4 0.7-2.3t2.1-0.9h26.3q1.2 0 2 0.8t0.9 2z\"\/><\/svg><\/span><span class=\"shariff-text\">E-Mail<\/span>&nbsp;<\/a><\/li><li class=\"shariff-button linkedin shariff-nocustomcolor\" style=\"background-color:#1488bf\"><a href=\"https:\/\/www.linkedin.com\/sharing\/share-offsite\/?url=https%3A%2F%2Fninabuschmann.com%2Fde%2Fliste-aller-besuchten-laender%2F\" title=\"Bei LinkedIn teilen\" aria-label=\"Bei LinkedIn teilen\" role=\"button\" rel=\"noopener nofollow\" class=\"shariff-link\" style=\"; background-color:#0077b5; color:#fff\" target=\"_blank\"><span class=\"shariff-icon\" style=\"\"><svg width=\"32px\" height=\"20px\" xmlns=\"http:\/\/www.w3.org\/2000\/svg\" viewBox=\"0 0 27 32\"><path fill=\"#0077b5\" d=\"M6.2 11.2v17.7h-5.9v-17.7h5.9zM6.6 5.7q0 1.3-0.9 2.2t-2.4 0.9h0q-1.5 0-2.4-0.9t-0.9-2.2 0.9-2.2 2.4-0.9 2.4 0.9 0.9 2.2zM27.4 18.7v10.1h-5.9v-9.5q0-1.9-0.7-2.9t-2.3-1.1q-1.1 0-1.9 0.6t-1.2 1.5q-0.2 0.5-0.2 1.4v9.9h-5.9q0-7.1 0-11.6t0-5.3l0-0.9h5.9v2.6h0q0.4-0.6 0.7-1t1-0.9 1.6-0.8 2-0.3q3 0 4.9 2t1.9 6z\"\/><\/svg><\/span><span class=\"shariff-text\">teilen<\/span>&nbsp;<\/a><\/li><li class=\"shariff-button whatsapp shariff-nocustomcolor\" style=\"background-color:#5cbe4a\"><a href=\"https:\/\/api.whatsapp.com\/send?text=https%3A%2F%2Fninabuschmann.com%2Fde%2Fliste-aller-besuchten-laender%2F%20Rund%20um%20die%20Welt%20%E2%80%93%20Liste%20aller%20besuchten%20L%C3%A4nder\" title=\"Bei Whatsapp teilen\" aria-label=\"Bei Whatsapp teilen\" role=\"button\" rel=\"noopener nofollow\" class=\"shariff-link\" style=\"; background-color:#34af23; color:#fff\" target=\"_blank\"><span class=\"shariff-icon\" style=\"\"><svg width=\"32px\" height=\"20px\" xmlns=\"http:\/\/www.w3.org\/2000\/svg\" viewBox=\"0 0 32 32\"><path fill=\"#34af23\" d=\"M17.6 17.4q0.2 0 1.7 0.8t1.6 0.9q0 0.1 0 0.3 0 0.6-0.3 1.4-0.3 0.7-1.3 1.2t-1.8 0.5q-1 0-3.4-1.1-1.7-0.8-3-2.1t-2.6-3.3q-1.3-1.9-1.3-3.5v-0.1q0.1-1.6 1.3-2.8 0.4-0.4 0.9-0.4 0.1 0 0.3 0t0.3 0q0.3 0 0.5 0.1t0.3 0.5q0.1 0.4 0.6 1.6t0.4 1.3q0 0.4-0.6 1t-0.6 0.8q0 0.1 0.1 0.3 0.6 1.3 1.8 2.4 1 0.9 2.7 1.8 0.2 0.1 0.4 0.1 0.3 0 1-0.9t0.9-0.9zM14 26.9q2.3 0 4.3-0.9t3.6-2.4 2.4-3.6 0.9-4.3-0.9-4.3-2.4-3.6-3.6-2.4-4.3-0.9-4.3 0.9-3.6 2.4-2.4 3.6-0.9 4.3q0 3.6 2.1 6.6l-1.4 4.2 4.3-1.4q2.8 1.9 6.2 1.9zM14 2.2q2.7 0 5.2 1.1t4.3 2.9 2.9 4.3 1.1 5.2-1.1 5.2-2.9 4.3-4.3 2.9-5.2 1.1q-3.5 0-6.5-1.7l-7.4 2.4 2.4-7.2q-1.9-3.2-1.9-6.9 0-2.7 1.1-5.2t2.9-4.3 4.3-2.9 5.2-1.1z\"\/><\/svg><\/span><span class=\"shariff-text\">teilen<\/span>&nbsp;<\/a><\/li><li class=\"shariff-button facebook shariff-nocustomcolor\" style=\"background-color:#4273c8\"><a href=\"https:\/\/www.facebook.com\/sharer\/sharer.php?u=https%3A%2F%2Fninabuschmann.com%2Fde%2Fliste-aller-besuchten-laender%2F\" title=\"Bei Facebook teilen\" aria-label=\"Bei Facebook teilen\" role=\"button\" rel=\"nofollow\" class=\"shariff-link\" style=\"; background-color:#3b5998; color:#fff\" target=\"_blank\"><span class=\"shariff-icon\" style=\"\"><svg width=\"32px\" height=\"20px\" xmlns=\"http:\/\/www.w3.org\/2000\/svg\" viewBox=\"0 0 18 32\"><path fill=\"#3b5998\" d=\"M17.1 0.2v4.7h-2.8q-1.5 0-2.1 0.6t-0.5 1.9v3.4h5.2l-0.7 5.3h-4.5v13.6h-5.5v-13.6h-4.5v-5.3h4.5v-3.9q0-3.3 1.9-5.2t5-1.8q2.6 0 4.1 0.2z\"\/><\/svg><\/span><span class=\"shariff-text\">teilen<\/span>&nbsp;<\/a><\/li><li class=\"shariff-button xing shariff-nocustomcolor\" style=\"background-color:#29888a\"><a href=\"https:\/\/www.xing.com\/spi\/shares\/new?url=https%3A%2F%2Fninabuschmann.com%2Fde%2Fliste-aller-besuchten-laender%2F\" title=\"Bei XING teilen\" aria-label=\"Bei XING teilen\" role=\"button\" rel=\"noopener nofollow\" class=\"shariff-link\" style=\"; background-color:#126567; color:#fff\" target=\"_blank\"><span class=\"shariff-icon\" style=\"\"><svg width=\"32px\" height=\"20px\" xmlns=\"http:\/\/www.w3.org\/2000\/svg\" viewBox=\"0 0 25 32\"><path fill=\"#126567\" d=\"M10.7 11.9q-0.2 0.3-4.6 8.2-0.5 0.8-1.2 0.8h-4.3q-0.4 0-0.5-0.3t0-0.6l4.5-8q0 0 0 0l-2.9-5q-0.2-0.4 0-0.7 0.2-0.3 0.5-0.3h4.3q0.7 0 1.2 0.8zM25.1 0.4q0.2 0.3 0 0.7l-9.4 16.7 6 11q0.2 0.4 0 0.6-0.2 0.3-0.6 0.3h-4.3q-0.7 0-1.2-0.8l-6-11.1q0.3-0.6 9.5-16.8 0.4-0.8 1.2-0.8h4.3q0.4 0 0.5 0.3z\"\/><\/svg><\/span><span class=\"shariff-text\">teilen<\/span>&nbsp;<\/a><\/li><\/ul><\/div>","protected":false},"excerpt":{"rendered":"","protected":false},"author":1,"featured_media":2483,"parent":0,"menu_order":0,"comment_status":"closed","ping_status":"closed","template":"","meta":{"footnotes":""},"class_list":["post-2620","page","type-page","status-publish","has-post-thumbnail","hentry"],"post_mailing_queue_ids":[],"_links":{"self":[{"href":"https:\/\/ninabuschmann.com\/de\/wp-json\/wp\/v2\/pages\/2620","targetHints":{"allow":["GET"]}}],"collection":[{"href":"https:\/\/ninabuschmann.com\/de\/wp-json\/wp\/v2\/pages"}],"about":[{"href":"https:\/\/ninabuschmann.com\/de\/wp-json\/wp\/v2\/types\/page"}],"author":[{"embeddable":true,"href":"https:\/\/ninabuschmann.com\/de\/wp-json\/wp\/v2\/users\/1"}],"replies":[{"embeddable":true,"href":"https:\/\/ninabuschmann.com\/de\/wp-json\/wp\/v2\/comments?post=2620"}],"version-history":[{"count":9,"href":"https:\/\/ninabuschmann.com\/de\/wp-json\/wp\/v2\/pages\/2620\/revisions"}],"predecessor-version":[{"id":43425,"href":"https:\/\/ninabuschmann.com\/de\/wp-json\/wp\/v2\/pages\/2620\/revisions\/43425"}],"wp:featuredmedia":[{"embeddable":true,"href":"https:\/\/ninabuschmann.com\/de\/wp-json\/wp\/v2\/media\/2483"}],"wp:attachment":[{"href":"https:\/\/ninabuschmann.com\/de\/wp-json\/wp\/v2\/media?parent=2620"}],"curies":[{"name":"wp","href":"https:\/\/api.w.org\/{rel}","templated":true}]}}