{"id":40259,"date":"2025-07-11T18:21:05","date_gmt":"2025-07-11T18:21:05","guid":{"rendered":"https:\/\/www.ninabuschmann.com\/?page_id=40259"},"modified":"2026-01-05T15:40:41","modified_gmt":"2026-01-05T15:40:41","slug":"fehler-machen-erlaubt","status":"publish","type":"page","link":"https:\/\/ninabuschmann.com\/de\/fehler-machen-erlaubt\/","title":{"rendered":"Fehler machen erlaubt \u2013 Dein kostenloser Guide f\u00fcr angstfreies Englisch"},"content":{"rendered":"\n<style type=\"text\/css\" data-created_by=\"avia_inline_auto\" id=\"style-css-av-mcz4bwze-652f42368463f105a8cfa75ba0b961e0\">\n#top .av-special-heading.av-mcz4bwze-652f42368463f105a8cfa75ba0b961e0{\npadding-bottom:10px;\n}\nbody .av-special-heading.av-mcz4bwze-652f42368463f105a8cfa75ba0b961e0 .av-special-heading-tag .heading-char{\nfont-size:25px;\n}\n.av-special-heading.av-mcz4bwze-652f42368463f105a8cfa75ba0b961e0 .av-subheading{\nfont-size:15px;\n}\n<\/style>\n<div  class='av-special-heading av-mcz4bwze-652f42368463f105a8cfa75ba0b961e0 av-special-heading-h1 blockquote modern-quote modern-centered  avia-builder-el-0  el_before_av_hr  avia-builder-el-first '><h1 class='av-special-heading-tag '  itemprop=\"headline\"  >Fehler machen erlaubt \u2013 Ein Leitfaden zum Umgang mit Sprechhemmung im Englischen<\/h1><div class='av-subheading av-subheading_below'><p>F\u00fcr Fach- und F\u00fchrungskr\u00e4fte, die Englisch sprechen m\u00fcssen \u2013 und sich dabei oft selbst im Weg stehen.<\/p>\n<\/div><div class=\"special-heading-border\"><div class=\"special-heading-inner-border\"><\/div><\/div><\/div>\n\n<style type=\"text\/css\" data-created_by=\"avia_inline_auto\" id=\"style-css-av-mk1ahtdi-59359ae93956d615af64895f52ee9339\">\n#top .hr.hr-invisible.av-mk1ahtdi-59359ae93956d615af64895f52ee9339{\nheight:50px;\n}\n<\/style>\n<div  class='hr av-mk1ahtdi-59359ae93956d615af64895f52ee9339 hr-invisible  avia-builder-el-1  el_after_av_heading  el_before_av_textblock '><span class='hr-inner '><span class=\"hr-inner-style\"><\/span><\/span><\/div>\n<section  class='av_textblock_section av-mk1ajetq-2792ce1896a00e42aed699b197891c56 '   itemscope=\"itemscope\" itemtype=\"https:\/\/schema.org\/CreativeWork\" ><div class='avia_textblock'  itemprop=\"text\" ><p>Du kennst dich in deinem beruflichen Umfeld aus. Du leitest, pr\u00e4sentierst, kommunizierst \u2013 auf Deutsch meist souver\u00e4n.<\/p>\n<p>Sobald Englisch dazukommt, ver\u00e4ndert sich etwas: S\u00e4tze kommen langsamer, Gedanken blockieren, die Angst vor Fehlern wird gr\u00f6\u00dfer.<\/p>\n<\/div><\/section>\n\n<style type=\"text\/css\" data-created_by=\"avia_inline_auto\" id=\"style-css-av-mk1bu28z-f913a41034243c619cad42aee2ba1964\">\n#top .hr.hr-invisible.av-mk1bu28z-f913a41034243c619cad42aee2ba1964{\nheight:30px;\n}\n<\/style>\n<div  class='hr av-mk1bu28z-f913a41034243c619cad42aee2ba1964 hr-invisible  avia-builder-el-3  el_after_av_textblock  el_before_av_textblock '><span class='hr-inner '><span class=\"hr-inner-style\"><\/span><\/span><\/div>\n<section  class='av_textblock_section av-mcz49zsf-2015e7c14301e9c40044e975c5108c16 '   itemscope=\"itemscope\" itemtype=\"https:\/\/schema.org\/CreativeWork\" ><div class='avia_textblock'  itemprop=\"text\" ><p data-start=\"591\" data-end=\"694\"><strong data-start=\"591\" data-end=\"622\">\ud83c\udf0d Damit bist du nicht allein.<\/strong><\/p>\n<p data-start=\"591\" data-end=\"694\">Sprechhemmung beim Englischsprechen ist weit verbreitet \u2013 auch bei Menschen mit guten Sprachkenntnissen. Oft liegt das Problem nicht im Englischen selbst, sondern in innerem Druck, Erwartungen oder fr\u00fcheren Erfahrungen.<\/p>\n<\/div><\/section>\n\n<style type=\"text\/css\" data-created_by=\"avia_inline_auto\" id=\"style-css-av-av_hr-2b922b97f229a78c6eef973f22181172\">\n#top .hr.hr-invisible.av-av_hr-2b922b97f229a78c6eef973f22181172{\nheight:30px;\n}\n<\/style>\n<div  class='hr av-av_hr-2b922b97f229a78c6eef973f22181172 hr-invisible  avia-builder-el-5  el_after_av_textblock  el_before_av_textblock '><span class='hr-inner '><span class=\"hr-inner-style\"><\/span><\/span><\/div>\n<section  class='av_textblock_section av-mk1ba8t2-872f33fcf580852de52e370653f4dccd '   itemscope=\"itemscope\" itemtype=\"https:\/\/schema.org\/CreativeWork\" ><div class='avia_textblock'  itemprop=\"text\" ><h3 data-start=\"701\" data-end=\"723\">Was dich in diesem Leitfaden erwartet:<\/h3>\n<ul>\n<li>\n<p class=\"p1\">eine Einordnung der h\u00e4ufigsten Denk- und Erwartungsmuster, die beim Englischsprechen blockieren<\/p>\n<\/li>\n<li>\n<p class=\"p1\">typische Stolperstellen, die besonders im beruflichen Kontext auftreten<\/p>\n<\/li>\n<li>\n<p class=\"p1\">kleine, alltagstaugliche Impulse zur Selbstreflexion<\/p>\n<\/li>\n<li>\n<p class=\"p1\">eine strukturierte \u00dcbersicht, um deine eigene Situation besser einzuordnen<\/p>\n<\/li>\n<li>\n<p class=\"p1\">eine einfache Orientierungshilfe zum Umgang mit Sprechangst<\/p>\n<\/li>\n<\/ul>\n<\/div><\/section>\n\n<style type=\"text\/css\" data-created_by=\"avia_inline_auto\" id=\"style-css-av-av_hr-2b922b97f229a78c6eef973f22181172\">\n#top .hr.hr-invisible.av-av_hr-2b922b97f229a78c6eef973f22181172{\nheight:30px;\n}\n<\/style>\n<div  class='hr av-av_hr-2b922b97f229a78c6eef973f22181172 hr-invisible  avia-builder-el-7  el_after_av_textblock  el_before_av_textblock '><span class='hr-inner '><span class=\"hr-inner-style\"><\/span><\/span><\/div>\n<section  class='av_textblock_section av-mk1bayq0-45b69059f566e46b5e2108deea3bd741 '   itemscope=\"itemscope\" itemtype=\"https:\/\/schema.org\/CreativeWork\" ><div class='avia_textblock'  itemprop=\"text\" ><h3 data-start=\"1068\" data-end=\"1096\">Kostenlos herunterladen:<\/h3>\n<p data-start=\"1098\" data-end=\"1210\"><strong data-start=\"1098\" data-end=\"1184\">Trage hier deine E-Mail-Adresse ein und erhalte den Leitfaden &#8222;Fehler machen erlaubt &#8211; Ein Guide zum Umgang mit Sprechhemmung im Englischen&#8220; direkt zum herunterladen.<\/strong><\/p>\n<p data-start=\"1098\" data-end=\"1210\"><br data-start=\"1184\" data-end=\"1187\" \/><div class='fluentform ff-default fluentform_wrapper_2 ffs_default_wrap'><form data-form_id=\"2\" id=\"fluentform_2\" class=\"frm-fluent-form fluent_form_2 ff-el-form-top ff_form_instance_2_1 ff-form-loading ffs_default\" data-form_instance=\"ff_form_instance_2_1\" method=\"POST\" ><fieldset  style=\"border: none!important;margin: 0!important;padding: 0!important;background-color: transparent!important;box-shadow: none!important;outline: none!important; min-inline-size: 100%;\">\n                    <legend class=\"ff_screen_reader_title\" style=\"display: block; margin: 0!important;padding: 0!important;height: 0!important;text-indent: -999999px;width: 0!important;overflow:hidden;\">Download Guide<\/legend><input type='hidden' name='__fluent_form_embded_post_id' value='40259' \/><input type=\"hidden\" id=\"_fluentform_2_fluentformnonce\" name=\"_fluentform_2_fluentformnonce\" value=\"b812f26283\" \/><input type=\"hidden\" name=\"_wp_http_referer\" value=\"\/de\/wp-json\/wp\/v2\/pages\/40259\" \/><div data-type=\"name-element\" data-name=\"names\" class=\" ff-field_container ff-name-field-wrapper\" ><div class='ff-t-container'><div class='ff-t-cell '><div class='ff-el-group ff-el-form-top'><div class=\"ff-el-input--label ff-el-is-required asterisk-right\"><label for='ff_2_names_first_name_' id='label_ff_2_names_first_name_' >Vorname<\/label><\/div><div class='ff-el-input--content'><input type=\"text\" name=\"names[first_name]\" id=\"ff_2_names_first_name_\" class=\"ff-el-form-control\" aria-invalid=\"false\" aria-required=true><\/div><\/div><\/div><div class='ff-t-cell '><div class='ff-el-group ff-el-form-top'><div class=\"ff-el-input--label ff-el-is-required asterisk-right\"><label for='ff_2_names_last_name_' id='label_ff_2_names_last_name_' >Nachname<\/label><\/div><div class='ff-el-input--content'><input type=\"text\" name=\"names[last_name]\" id=\"ff_2_names_last_name_\" class=\"ff-el-form-control\" aria-invalid=\"false\" aria-required=true><\/div><\/div><\/div><\/div><\/div><div class='ff-el-group'><div class='ff-el-input--content'><input type=\"email\" name=\"email\" id=\"ff_2_email\" class=\"ff-el-form-control\" placeholder=\"G\u00fcltige Emailadresse\" data-name=\"email\"  aria-invalid=\"false\" aria-required=true><\/div><\/div><div data-name=\"ff_cn_id_1\"  class='ff-t-container ff-column-container ff_columns_total_2 '><div class='ff-t-cell ff-t-column-1' style='flex-basis: 49.55%;'><div class='ff-el-group ff-text-left ff_submit_btn_wrapper ff_submit_btn_wrapper_custom'><button class=\"ff-btn ff-btn-submit ff-btn-md ff_btn_style wpf_has_custom_css\" type=\"submit\" name=\"custom_submit_button-2_1\" data-name=\"custom_submit_button-2_1\"  aria-label=\"Senden\">Senden<\/button><style>form.fluent_form_2 .wpf_has_custom_css.ff-btn-submit { background-color:rgba(35, 39, 74, 255);border-color:#1a7efb;color:#ffffff;min-width:100%; }form.fluent_form_2 .wpf_has_custom_css.ff-btn-submit:hover { background-color:#ffffff;border-color:#1a7efb;color:#1a7efb;min-width:100%; } <\/style><\/div><\/div><div class='ff-t-cell ff-t-column-2' style='flex-basis: 50.45%;'><\/div><\/div><div class='ff-el-group    ff-el-input--content'><div class='ff-el-form-check ff-el-tc'><label aria-label='Ich stimme zu, dass die von mir \u00fcbermittelten Informationen gespeichert werden, damit meine Anfrage beantwortet werden kann und ich ggf. ein passendes Angebot und einen Newsletter mit hilfreichen Tipps erhalten kann.' class='ff-el-form-check-label ff_tc_label' for=gdpr-agreement_dd35f6dfe2230cba6ce9ff176782ce83><span class='ff_tc_checkbox'><input type=\"checkbox\" name=\"gdpr-agreement\" class=\"ff-el-form-check-input ff_gdpr_field\" data-name=\"gdpr-agreement\" id=\"gdpr-agreement_dd35f6dfe2230cba6ce9ff176782ce83\"  value='on' aria-invalid='false' aria-required=true><\/span> <div class='ff_t_c'>Ich stimme zu, dass die von mir \u00fcbermittelten Informationen gespeichert werden, damit meine Anfrage beantwortet werden kann und ich ggf. ein passendes Angebot und einen Newsletter mit hilfreichen Tipps erhalten kann.<\/div><\/label><\/div><\/div><\/fieldset><\/form><div id='fluentform_2_errors' class='ff-errors-in-stack ff_form_instance_2_1 ff-form-loading_errors ff_form_instance_2_1_errors'><\/div><\/div>            <script type=\"text\/javascript\">\n                window.fluent_form_ff_form_instance_2_1 = {\"id\":\"2\",\"ajaxUrl\":\"https:\\\/\\\/ninabuschmann.com\\\/wp-admin\\\/admin-ajax.php\",\"settings\":{\"layout\":{\"labelPlacement\":\"top\",\"helpMessagePlacement\":\"with_label\",\"errorMessagePlacement\":\"inline\",\"asteriskPlacement\":\"asterisk-right\"},\"restrictions\":{\"denyEmptySubmission\":{\"enabled\":false}}},\"form_instance\":\"ff_form_instance_2_1\",\"form_id_selector\":\"fluentform_2\",\"rules\":{\"names[first_name]\":{\"required\":{\"value\":true,\"message\":\"Dieses Feld ist erforderlich\",\"global_message\":\"This field is required\",\"global\":true}},\"names[middle_name]\":{\"required\":{\"value\":false,\"message\":\"Dieses Feld ist erforderlich\",\"global_message\":\"This field is required\",\"global\":true}},\"names[last_name]\":{\"required\":{\"value\":true,\"message\":\"Dieses Feld ist erforderlich\",\"global_message\":\"This field is required\",\"global\":true}},\"email\":{\"required\":{\"value\":true,\"message\":\"This field is required\",\"global\":false,\"global_message\":\"This field is required\"},\"email\":{\"value\":true,\"message\":\"This field must contain a valid email\",\"global\":false,\"global_message\":\"This field must contain a valid email\"}},\"gdpr-agreement\":{\"required\":{\"value\":true,\"message\":\"Dieses Feld ist erforderlich\",\"global_message\":\"This field is required\",\"global\":true}}},\"debounce_time\":300};\n                            <\/script>\n            <\/p>\n<\/div><\/section>\n\n<style type=\"text\/css\" data-created_by=\"avia_inline_auto\" id=\"style-css-av-av_hr-2b922b97f229a78c6eef973f22181172\">\n#top .hr.hr-invisible.av-av_hr-2b922b97f229a78c6eef973f22181172{\nheight:30px;\n}\n<\/style>\n<div  class='hr av-av_hr-2b922b97f229a78c6eef973f22181172 hr-invisible  avia-builder-el-9  el_after_av_textblock  el_before_av_textblock '><span class='hr-inner '><span class=\"hr-inner-style\"><\/span><\/span><\/div>\n<section  class='av_textblock_section av-mk1bbmww-9739dc421c4542c860b6a27e0be14756 '   itemscope=\"itemscope\" itemtype=\"https:\/\/schema.org\/CreativeWork\" ><div class='avia_textblock'  itemprop=\"text\" ><p data-start=\"1217\" data-end=\"1314\"><strong data-start=\"1217\" data-end=\"1246\">Keine Werbung. Kein Spam.<\/strong> Nur ehrliche Hilfe f\u00fcr deinen Weg zu mehr Sprachsicherheit. Du kannst dich jederzeit wieder abmelden.<\/p>\n<\/div><\/section>\n\n<style type=\"text\/css\" data-created_by=\"avia_inline_auto\" id=\"style-css-av-av_hr-2b922b97f229a78c6eef973f22181172\">\n#top .hr.hr-invisible.av-av_hr-2b922b97f229a78c6eef973f22181172{\nheight:30px;\n}\n<\/style>\n<div  class='hr av-av_hr-2b922b97f229a78c6eef973f22181172 hr-invisible  avia-builder-el-11  el_after_av_textblock  el_before_av_textblock '><span class='hr-inner '><span class=\"hr-inner-style\"><\/span><\/span><\/div>\n<section  class='av_textblock_section av-mk1bc4kw-359fe3e6643083ebcddca97705f6f6ac '   itemscope=\"itemscope\" itemtype=\"https:\/\/schema.org\/CreativeWork\" ><div class='avia_textblock'  itemprop=\"text\" ><h3 data-start=\"1321\" data-end=\"1347\">Du hast noch Fragen?<\/h3>\n<p data-start=\"1348\" data-end=\"1433\">Ich helfe dir gern.<br data-start=\"1400\" data-end=\"1403\" \/>\ud83d\udce9mailto:<a href=\"mailto:ni**@***********nn.com\" data-original-string=\"EjVsVkgkfZgV18Oorg0nVg==615gTd8qwZAr1xCjpIFFnWYUbL3xR0T3P+c8\/uSr4AF8x4=\" title=\"Dieser Kontakt wurde von Anti-Spam by CleanTalk verschl\u00fcsselt. Klicken Sie hier, um ihn zu entschl\u00fcsseln. Um die Entschl\u00fcsselung abzuschlie\u00dfen, stellen Sie sicher, dass JavaScript in Ihrem Browser aktiviert ist.\" target=\"_blank\" rel=\"noopener\"><span \n                data-original-string='IVbfyiC4\/NYvJRQWT13j+w==615z77VBmCx887yECNHm9kfW\/g4uB2oOig6z0NoKQimXdo='\n                class='apbct-email-encoder'\n                title='Dieser Kontakt wurde von Anti-Spam by CleanTalk verschl\u00fcsselt. Klicken Sie hier, um ihn zu entschl\u00fcsseln. Um die Entschl\u00fcsselung abzuschlie\u00dfen, stellen Sie sicher, dass JavaScript in Ihrem Browser aktiviert ist.'>ni<span class=\"apbct-blur\">**<\/span>@<span class=\"apbct-blur\">***********<\/span>nn.com<\/span><\/a><\/p>\n<\/div><\/section>\n\n<style type=\"text\/css\" data-created_by=\"avia_inline_auto\" id=\"style-css-av-mk1ak1mj-292b6f36ee08c37557d221ea94735de2\">\n#top .hr.hr-invisible.av-mk1ak1mj-292b6f36ee08c37557d221ea94735de2{\nheight:35px;\n}\n<\/style>\n<div  class='hr av-mk1ak1mj-292b6f36ee08c37557d221ea94735de2 hr-invisible  avia-builder-el-13  el_after_av_textblock  avia-builder-el-last '><span class='hr-inner '><span class=\"hr-inner-style\"><\/span><\/span><\/div>\n<div class=\"shariff\"><ul class=\"shariff-buttons theme-default orientation-horizontal buttonsize-medium\"><li class=\"shariff-button mailto shariff-nocustomcolor\" style=\"background-color:#a8a8a8\"><a href=\"mailto:?body=https%3A%2F%2Fninabuschmann.com%2Fde%2Ffehler-machen-erlaubt%2F&subject=Fehler%20machen%20erlaubt%20%E2%80%93%20Dein%20kostenloser%20Guide%20f%C3%BCr%20angstfreies%20Englisch\" title=\"Per E-Mail versenden\" aria-label=\"Per E-Mail versenden\" role=\"button\" rel=\"noopener nofollow\" class=\"shariff-link\" style=\"; background-color:#999; color:#fff\"><span class=\"shariff-icon\" style=\"\"><svg width=\"32px\" height=\"20px\" xmlns=\"http:\/\/www.w3.org\/2000\/svg\" viewBox=\"0 0 32 32\"><path fill=\"#999\" d=\"M32 12.7v14.2q0 1.2-0.8 2t-2 0.9h-26.3q-1.2 0-2-0.9t-0.8-2v-14.2q0.8 0.9 1.8 1.6 6.5 4.4 8.9 6.1 1 0.8 1.6 1.2t1.7 0.9 2 0.4h0.1q0.9 0 2-0.4t1.7-0.9 1.6-1.2q3-2.2 8.9-6.1 1-0.7 1.8-1.6zM32 7.4q0 1.4-0.9 2.7t-2.2 2.2q-6.7 4.7-8.4 5.8-0.2 0.1-0.7 0.5t-1 0.7-0.9 0.6-1.1 0.5-0.9 0.2h-0.1q-0.4 0-0.9-0.2t-1.1-0.5-0.9-0.6-1-0.7-0.7-0.5q-1.6-1.1-4.7-3.2t-3.6-2.6q-1.1-0.7-2.1-2t-1-2.5q0-1.4 0.7-2.3t2.1-0.9h26.3q1.2 0 2 0.8t0.9 2z\"\/><\/svg><\/span><span class=\"shariff-text\">E-Mail<\/span>&nbsp;<\/a><\/li><li class=\"shariff-button linkedin shariff-nocustomcolor\" style=\"background-color:#1488bf\"><a href=\"https:\/\/www.linkedin.com\/sharing\/share-offsite\/?url=https%3A%2F%2Fninabuschmann.com%2Fde%2Ffehler-machen-erlaubt%2F\" title=\"Bei LinkedIn teilen\" aria-label=\"Bei LinkedIn teilen\" role=\"button\" rel=\"noopener nofollow\" class=\"shariff-link\" style=\"; background-color:#0077b5; color:#fff\" target=\"_blank\"><span class=\"shariff-icon\" style=\"\"><svg width=\"32px\" height=\"20px\" xmlns=\"http:\/\/www.w3.org\/2000\/svg\" viewBox=\"0 0 27 32\"><path fill=\"#0077b5\" d=\"M6.2 11.2v17.7h-5.9v-17.7h5.9zM6.6 5.7q0 1.3-0.9 2.2t-2.4 0.9h0q-1.5 0-2.4-0.9t-0.9-2.2 0.9-2.2 2.4-0.9 2.4 0.9 0.9 2.2zM27.4 18.7v10.1h-5.9v-9.5q0-1.9-0.7-2.9t-2.3-1.1q-1.1 0-1.9 0.6t-1.2 1.5q-0.2 0.5-0.2 1.4v9.9h-5.9q0-7.1 0-11.6t0-5.3l0-0.9h5.9v2.6h0q0.4-0.6 0.7-1t1-0.9 1.6-0.8 2-0.3q3 0 4.9 2t1.9 6z\"\/><\/svg><\/span><span class=\"shariff-text\">teilen<\/span>&nbsp;<\/a><\/li><li class=\"shariff-button whatsapp shariff-nocustomcolor\" style=\"background-color:#5cbe4a\"><a href=\"https:\/\/api.whatsapp.com\/send?text=https%3A%2F%2Fninabuschmann.com%2Fde%2Ffehler-machen-erlaubt%2F%20Fehler%20machen%20erlaubt%20%E2%80%93%20Dein%20kostenloser%20Guide%20f%C3%BCr%20angstfreies%20Englisch\" title=\"Bei Whatsapp teilen\" aria-label=\"Bei Whatsapp teilen\" role=\"button\" rel=\"noopener nofollow\" class=\"shariff-link\" style=\"; background-color:#34af23; color:#fff\" target=\"_blank\"><span class=\"shariff-icon\" style=\"\"><svg width=\"32px\" height=\"20px\" xmlns=\"http:\/\/www.w3.org\/2000\/svg\" viewBox=\"0 0 32 32\"><path fill=\"#34af23\" d=\"M17.6 17.4q0.2 0 1.7 0.8t1.6 0.9q0 0.1 0 0.3 0 0.6-0.3 1.4-0.3 0.7-1.3 1.2t-1.8 0.5q-1 0-3.4-1.1-1.7-0.8-3-2.1t-2.6-3.3q-1.3-1.9-1.3-3.5v-0.1q0.1-1.6 1.3-2.8 0.4-0.4 0.9-0.4 0.1 0 0.3 0t0.3 0q0.3 0 0.5 0.1t0.3 0.5q0.1 0.4 0.6 1.6t0.4 1.3q0 0.4-0.6 1t-0.6 0.8q0 0.1 0.1 0.3 0.6 1.3 1.8 2.4 1 0.9 2.7 1.8 0.2 0.1 0.4 0.1 0.3 0 1-0.9t0.9-0.9zM14 26.9q2.3 0 4.3-0.9t3.6-2.4 2.4-3.6 0.9-4.3-0.9-4.3-2.4-3.6-3.6-2.4-4.3-0.9-4.3 0.9-3.6 2.4-2.4 3.6-0.9 4.3q0 3.6 2.1 6.6l-1.4 4.2 4.3-1.4q2.8 1.9 6.2 1.9zM14 2.2q2.7 0 5.2 1.1t4.3 2.9 2.9 4.3 1.1 5.2-1.1 5.2-2.9 4.3-4.3 2.9-5.2 1.1q-3.5 0-6.5-1.7l-7.4 2.4 2.4-7.2q-1.9-3.2-1.9-6.9 0-2.7 1.1-5.2t2.9-4.3 4.3-2.9 5.2-1.1z\"\/><\/svg><\/span><span class=\"shariff-text\">teilen<\/span>&nbsp;<\/a><\/li><li class=\"shariff-button facebook shariff-nocustomcolor\" style=\"background-color:#4273c8\"><a href=\"https:\/\/www.facebook.com\/sharer\/sharer.php?u=https%3A%2F%2Fninabuschmann.com%2Fde%2Ffehler-machen-erlaubt%2F\" title=\"Bei Facebook teilen\" aria-label=\"Bei Facebook teilen\" role=\"button\" rel=\"nofollow\" class=\"shariff-link\" style=\"; background-color:#3b5998; color:#fff\" target=\"_blank\"><span class=\"shariff-icon\" style=\"\"><svg width=\"32px\" height=\"20px\" xmlns=\"http:\/\/www.w3.org\/2000\/svg\" viewBox=\"0 0 18 32\"><path fill=\"#3b5998\" d=\"M17.1 0.2v4.7h-2.8q-1.5 0-2.1 0.6t-0.5 1.9v3.4h5.2l-0.7 5.3h-4.5v13.6h-5.5v-13.6h-4.5v-5.3h4.5v-3.9q0-3.3 1.9-5.2t5-1.8q2.6 0 4.1 0.2z\"\/><\/svg><\/span><span class=\"shariff-text\">teilen<\/span>&nbsp;<\/a><\/li><li class=\"shariff-button xing shariff-nocustomcolor\" style=\"background-color:#29888a\"><a href=\"https:\/\/www.xing.com\/spi\/shares\/new?url=https%3A%2F%2Fninabuschmann.com%2Fde%2Ffehler-machen-erlaubt%2F\" title=\"Bei XING teilen\" aria-label=\"Bei XING teilen\" role=\"button\" rel=\"noopener nofollow\" class=\"shariff-link\" style=\"; background-color:#126567; color:#fff\" target=\"_blank\"><span class=\"shariff-icon\" style=\"\"><svg width=\"32px\" height=\"20px\" xmlns=\"http:\/\/www.w3.org\/2000\/svg\" viewBox=\"0 0 25 32\"><path fill=\"#126567\" d=\"M10.7 11.9q-0.2 0.3-4.6 8.2-0.5 0.8-1.2 0.8h-4.3q-0.4 0-0.5-0.3t0-0.6l4.5-8q0 0 0 0l-2.9-5q-0.2-0.4 0-0.7 0.2-0.3 0.5-0.3h4.3q0.7 0 1.2 0.8zM25.1 0.4q0.2 0.3 0 0.7l-9.4 16.7 6 11q0.2 0.4 0 0.6-0.2 0.3-0.6 0.3h-4.3q-0.7 0-1.2-0.8l-6-11.1q0.3-0.6 9.5-16.8 0.4-0.8 1.2-0.8h4.3q0.4 0 0.5 0.3z\"\/><\/svg><\/span><span class=\"shariff-text\">teilen<\/span>&nbsp;<\/a><\/li><\/ul><\/div>","protected":false},"excerpt":{"rendered":"","protected":false},"author":2,"featured_media":40307,"parent":0,"menu_order":0,"comment_status":"closed","ping_status":"closed","template":"","meta":{"footnotes":""},"class_list":["post-40259","page","type-page","status-publish","has-post-thumbnail","hentry"],"post_mailing_queue_ids":[],"_links":{"self":[{"href":"https:\/\/ninabuschmann.com\/de\/wp-json\/wp\/v2\/pages\/40259","targetHints":{"allow":["GET"]}}],"collection":[{"href":"https:\/\/ninabuschmann.com\/de\/wp-json\/wp\/v2\/pages"}],"about":[{"href":"https:\/\/ninabuschmann.com\/de\/wp-json\/wp\/v2\/types\/page"}],"author":[{"embeddable":true,"href":"https:\/\/ninabuschmann.com\/de\/wp-json\/wp\/v2\/users\/2"}],"replies":[{"embeddable":true,"href":"https:\/\/ninabuschmann.com\/de\/wp-json\/wp\/v2\/comments?post=40259"}],"version-history":[{"count":6,"href":"https:\/\/ninabuschmann.com\/de\/wp-json\/wp\/v2\/pages\/40259\/revisions"}],"predecessor-version":[{"id":43491,"href":"https:\/\/ninabuschmann.com\/de\/wp-json\/wp\/v2\/pages\/40259\/revisions\/43491"}],"wp:featuredmedia":[{"embeddable":true,"href":"https:\/\/ninabuschmann.com\/de\/wp-json\/wp\/v2\/media\/40307"}],"wp:attachment":[{"href":"https:\/\/ninabuschmann.com\/de\/wp-json\/wp\/v2\/media?parent=40259"}],"curies":[{"name":"wp","href":"https:\/\/api.w.org\/{rel}","templated":true}]}}