{"id":71,"date":"2016-11-04T09:43:00","date_gmt":"2016-11-04T09:43:00","guid":{"rendered":"http:\/\/www.ninabuschmann.com\/?page_id=71"},"modified":"2026-02-15T17:46:08","modified_gmt":"2026-02-15T17:46:08","slug":"wo-bitte-gehts-hier-um-die-welt","status":"publish","type":"page","link":"https:\/\/ninabuschmann.com\/de\/wo-bitte-gehts-hier-um-die-welt\/","title":{"rendered":"Wo bitte geht&#8217;s hier um die Welt? &#8211; Das Abenteuerbuch"},"content":{"rendered":"\n<style type=\"text\/css\" data-created_by=\"avia_inline_auto\" id=\"style-css-av-40bnn-6877a47d33b1ea8e8767c61175845f1e\">\n#top .av-special-heading.av-40bnn-6877a47d33b1ea8e8767c61175845f1e{\npadding-bottom:10px;\n}\nbody .av-special-heading.av-40bnn-6877a47d33b1ea8e8767c61175845f1e .av-special-heading-tag .heading-char{\nfont-size:25px;\n}\n.av-special-heading.av-40bnn-6877a47d33b1ea8e8767c61175845f1e .av-subheading{\nfont-size:15px;\n}\n<\/style>\n<div  class='av-special-heading av-40bnn-6877a47d33b1ea8e8767c61175845f1e av-special-heading-h1 blockquote modern-quote  avia-builder-el-0  el_before_av_hr  avia-builder-el-first '><h1 class='av-special-heading-tag '  itemprop=\"headline\"  >Wo bitte geht\u2019s hier um die Welt?<\/h1><div class='av-subheading av-subheading_below'><p>8 Jahre Abenteuer und Reisen einer Fremdsprachenlehrerin<\/p>\n<\/div><div class=\"special-heading-border\"><div class=\"special-heading-inner-border\"><\/div><\/div><\/div>\n\n<style type=\"text\/css\" data-created_by=\"avia_inline_auto\" id=\"style-css-av-b3syf-69be44804b3d19f3df779ffd1a8e227d\">\n#top .hr.hr-invisible.av-b3syf-69be44804b3d19f3df779ffd1a8e227d{\nheight:40px;\n}\n<\/style>\n<div  class='hr av-b3syf-69be44804b3d19f3df779ffd1a8e227d hr-invisible  avia-builder-el-1  el_after_av_heading  el_before_av_image '><span class='hr-inner '><span class=\"hr-inner-style\"><\/span><\/span><\/div>\n\n<style type=\"text\/css\" data-created_by=\"avia_inline_auto\" id=\"style-css-av-a9y6r-8e9b728e392c0fa1986362e8c1ada725\">\n.avia-image-container.av-a9y6r-8e9b728e392c0fa1986362e8c1ada725 img.avia_image{\nbox-shadow:none;\n}\n.avia-image-container.av-a9y6r-8e9b728e392c0fa1986362e8c1ada725 .av-image-caption-overlay-center{\ncolor:#ffffff;\n}\n<\/style>\n<div  class='avia-image-container av-a9y6r-8e9b728e392c0fa1986362e8c1ada725 av-styling- av-hover-grow avia-align-left  avia-builder-el-2  el_after_av_hr  el_before_av_hr '   itemprop=\"image\" itemscope=\"itemscope\" itemtype=\"https:\/\/schema.org\/ImageObject\" ><div class=\"avia-image-container-inner\"><div class=\"avia-image-overlay-wrap\"><img decoding=\"async\" fetchpriority=\"high\" class='wp-image-2215 avia-img-lazy-loading-not-2215 avia_image ' src=\"https:\/\/ninabuschmann.com\/wp-content\/uploads\/2016\/10\/Wo-bitte-Cover-small.jpg\" alt='Wo bitte gehts hier um die Welt? Cover, Wo bitte geht&#039;s hier um die Welt? in Bildern' title='Wo bitte gehts hier um die Welt? Cover'  height=\"499\" width=\"339\"  itemprop=\"thumbnailUrl\" srcset=\"https:\/\/ninabuschmann.com\/wp-content\/uploads\/2016\/10\/Wo-bitte-Cover-small.jpg 339w, https:\/\/ninabuschmann.com\/wp-content\/uploads\/2016\/10\/Wo-bitte-Cover-small-204x300.jpg 204w\" sizes=\"(max-width: 339px) 100vw, 339px\" \/><\/div><\/div><\/div>\n\n<style type=\"text\/css\" data-created_by=\"avia_inline_auto\" id=\"style-css-av-9tqgv-bf70ab086f0806b47591a69d966b4cde\">\n#top .hr.hr-invisible.av-9tqgv-bf70ab086f0806b47591a69d966b4cde{\nheight:30px;\n}\n<\/style>\n<div  class='hr av-9tqgv-bf70ab086f0806b47591a69d966b4cde hr-invisible  avia-builder-el-3  el_after_av_image  el_before_av_heading '><span class='hr-inner '><span class=\"hr-inner-style\"><\/span><\/span><\/div>\n\n<style type=\"text\/css\" data-created_by=\"avia_inline_auto\" id=\"style-css-av-36up7-4427ad137ef3ec16777e27eabe270f2f\">\n#top .av-special-heading.av-36up7-4427ad137ef3ec16777e27eabe270f2f{\npadding-bottom:10px;\n}\nbody .av-special-heading.av-36up7-4427ad137ef3ec16777e27eabe270f2f .av-special-heading-tag .heading-char{\nfont-size:25px;\n}\n.av-special-heading.av-36up7-4427ad137ef3ec16777e27eabe270f2f .av-subheading{\nfont-size:15px;\n}\n<\/style>\n<div  class='av-special-heading av-36up7-4427ad137ef3ec16777e27eabe270f2f av-special-heading-h2 blockquote modern-quote  avia-builder-el-4  el_after_av_hr  el_before_av_textblock '><h2 class='av-special-heading-tag '  itemprop=\"headline\"  >Worum geht\u2019s?<\/h2><div class=\"special-heading-border\"><div class=\"special-heading-inner-border\"><\/div><\/div><\/div>\n<section  class='av_textblock_section av-338r-722c69f9b7daf6dd9fcbc70de481b02a '   itemscope=\"itemscope\" itemtype=\"https:\/\/schema.org\/CreativeWork\" ><div class='avia_textblock'  itemprop=\"text\" ><p>Die Hauptfigur und Ich-Erz\u00e4hlerin in &#8222;<strong>Wo bitte geht&#8217;s hier um die Welt?<\/strong>&#8220; \u00a0ist eine charmante und abenteuerlustige junge Frau aus Deutschland, die, seit sie 22 ist, acht Jahre lang auf eigene Faust als Fremdsprachenlehrerin durch Europa, Lateinamerika, Australien, die Karibik und Asien reist.<\/p>\n<p>Nina lernt dabei schnell, was es hei\u00dft, als Frau allein durch vornehmlich m\u00e4nnerdominierte Welten zu ziehen und oftmals auf die Freundlichkeit wildfremder Menschen angewiesen zu sein. Immer wieder vor die Herausforderung gestellt, sich in fernen L\u00e4ndern ein Privat- und Arbeitsleben aufzubauen, sich auf Einheimische und deren Br\u00e4uche einzustellen, und unaussprechliche Sprachen zu meistern, entwickelt Nina schnell ein gutes Gesp\u00fcr f\u00fcr Menschen und vollkommen unerwartete Situationen.<\/p>\n<p>Nicht alle ihre Erlebnisse sind nur positiv und sicherlich auch nicht alle Menschen der jungen Frau nur wohl gesonnen, aber Nina zeigt, dass jedem &#8211; auch ohne gro\u00dfes Startkapital oder weitreichende Kenntnisse der Landessprache &#8211; die Welt offen steht. Man muss sich lediglich auf ein Abenteuer einlassen!<\/p>\n<\/div><\/section>\n\n<style type=\"text\/css\" data-created_by=\"avia_inline_auto\" id=\"style-css-av-8ajqn-ed76616344d5a6a3ef16a3e23c2ad60f\">\n#top .hr.hr-invisible.av-8ajqn-ed76616344d5a6a3ef16a3e23c2ad60f{\nheight:50px;\n}\n<\/style>\n<div  class='hr av-8ajqn-ed76616344d5a6a3ef16a3e23c2ad60f hr-invisible  avia-builder-el-6  el_after_av_textblock  el_before_av_heading '><span class='hr-inner '><span class=\"hr-inner-style\"><\/span><\/span><\/div>\n\n<style type=\"text\/css\" data-created_by=\"avia_inline_auto\" id=\"style-css-av-2osp7-abcd59c10a08e04f3bbd9e51dc90c9bb\">\n#top .av-special-heading.av-2osp7-abcd59c10a08e04f3bbd9e51dc90c9bb{\npadding-bottom:10px;\n}\nbody .av-special-heading.av-2osp7-abcd59c10a08e04f3bbd9e51dc90c9bb .av-special-heading-tag .heading-char{\nfont-size:25px;\n}\n.av-special-heading.av-2osp7-abcd59c10a08e04f3bbd9e51dc90c9bb .av-subheading{\nfont-size:15px;\n}\n<\/style>\n<div  class='av-special-heading av-2osp7-abcd59c10a08e04f3bbd9e51dc90c9bb av-special-heading-h2 blockquote modern-quote  avia-builder-el-7  el_after_av_hr  el_before_av_textblock '><h2 class='av-special-heading-tag '  itemprop=\"headline\"  >Expos\u00e9 und Fotogalerie<\/h2><div class=\"special-heading-border\"><div class=\"special-heading-inner-border\"><\/div><\/div><\/div>\n<section  class='av_textblock_section av-6st3f-6c7ab3b52a223b3a42d77eb1a088475b '   itemscope=\"itemscope\" itemtype=\"https:\/\/schema.org\/CreativeWork\" ><div class='avia_textblock'  itemprop=\"text\" ><p>Im\u00a0<a href=\"https:\/\/www.ninabuschmann.com\/de\/expose-wo-bitte-gehts-hier-um-die-welt\" target=\"_blank\" rel=\"noopener noreferrer\">detaillierten Expos\u00e9 zu &#8222;Wo bitte geht&#8217;s hier um die Welt?&#8220;\u00a0<\/a>\u00a0erfahrt ihr genau in welchen L\u00e4ndern ich mir jeweils ein Privat-und Arbeitsleben aufgebaut habe und welche Herausforderungen und Abenteuer dort auf mich warteten! Nat\u00fcrlich hatte ich auch damals schon meine Kamera \u00fcberall mit dabei. In meiner <a href=\"https:\/\/www.ninabuschmann.com\/de\/fotogalerie-zum-buch\" target=\"_blank\" rel=\"noopener noreferrer\">Fotogalerie zum Buch<\/a> k\u00f6nnt ihr euch auch zu jedem Kapitel einen bildlichen Eindruck verschaffen. Im Ebook sind diese Fotos ebenfalls enthalten, im Taschenbuch war dies aus Kostengr\u00fcnden leider nicht m\u00f6glich.<\/p>\n<\/div><\/section>\n\n<style type=\"text\/css\" data-created_by=\"avia_inline_auto\" id=\"style-css-av-6g6mb-9043c10e17535990572e27b85af050f0\">\n#top .hr.hr-invisible.av-6g6mb-9043c10e17535990572e27b85af050f0{\nheight:50px;\n}\n<\/style>\n<div  class='hr av-6g6mb-9043c10e17535990572e27b85af050f0 hr-invisible  avia-builder-el-9  el_after_av_textblock  el_before_av_heading '><span class='hr-inner '><span class=\"hr-inner-style\"><\/span><\/span><\/div>\n\n<style type=\"text\/css\" data-created_by=\"avia_inline_auto\" id=\"style-css-av-25ydr-a816bc054c01e0f173a1f1cb75dcb444\">\n#top .av-special-heading.av-25ydr-a816bc054c01e0f173a1f1cb75dcb444{\npadding-bottom:10px;\n}\nbody .av-special-heading.av-25ydr-a816bc054c01e0f173a1f1cb75dcb444 .av-special-heading-tag .heading-char{\nfont-size:25px;\n}\n.av-special-heading.av-25ydr-a816bc054c01e0f173a1f1cb75dcb444 .av-subheading{\nfont-size:15px;\n}\n<\/style>\n<div  class='av-special-heading av-25ydr-a816bc054c01e0f173a1f1cb75dcb444 av-special-heading-h2 blockquote modern-quote  avia-builder-el-10  el_after_av_hr  el_before_av_textblock '><h2 class='av-special-heading-tag '  itemprop=\"headline\"  >Warum andere Leser Wo bitte geht\u2019s hier um die Welt? empfehlen&#8230;.<\/h2><div class=\"special-heading-border\"><div class=\"special-heading-inner-border\"><\/div><\/div><\/div>\n<section  class='av_textblock_section av-4wr8z-5fc5c4bec02d64f1a951bbcd140a9aa1 '   itemscope=\"itemscope\" itemtype=\"https:\/\/schema.org\/CreativeWork\" ><div class='avia_textblock'  itemprop=\"text\" ><p>Lass auch du dich mit um die Welt nehmen und\u00a0vom Reisefieber anstecken und inspirieren! In diesen <a href=\"https:\/\/www.ninabuschmann.com\/de\/wo-bitte-gehts-hier-um-die-welt-rezensionen\" target=\"_blank\" rel=\"noopener noreferrer\">Rezensionen<\/a> erf\u00e4hrst du, warum andere &#8222;Wo bitte geht&#8217;s hier um die Welt?&#8220; nicht aus der Hand legen konnten!<\/p>\n<\/div><\/section>\n\n<style type=\"text\/css\" data-created_by=\"avia_inline_auto\" id=\"style-css-av-4gilr-e8e4e91bcf46e2ca70dbbfb2f44a80bb\">\n#top .hr.hr-invisible.av-4gilr-e8e4e91bcf46e2ca70dbbfb2f44a80bb{\nheight:50px;\n}\n<\/style>\n<div  class='hr av-4gilr-e8e4e91bcf46e2ca70dbbfb2f44a80bb hr-invisible  avia-builder-el-12  el_after_av_textblock  el_before_av_heading '><span class='hr-inner '><span class=\"hr-inner-style\"><\/span><\/span><\/div>\n\n<style type=\"text\/css\" data-created_by=\"avia_inline_auto\" id=\"style-css-av-1l0wr-5ce96c5fe9ee8fa3cb09f9d205e95266\">\n#top .av-special-heading.av-1l0wr-5ce96c5fe9ee8fa3cb09f9d205e95266{\npadding-bottom:10px;\n}\nbody .av-special-heading.av-1l0wr-5ce96c5fe9ee8fa3cb09f9d205e95266 .av-special-heading-tag .heading-char{\nfont-size:25px;\n}\n.av-special-heading.av-1l0wr-5ce96c5fe9ee8fa3cb09f9d205e95266 .av-subheading{\nfont-size:15px;\n}\n<\/style>\n<div  class='av-special-heading av-1l0wr-5ce96c5fe9ee8fa3cb09f9d205e95266 av-special-heading-h2 blockquote modern-quote  avia-builder-el-13  el_after_av_hr  el_before_av_textblock '><h2 class='av-special-heading-tag '  itemprop=\"headline\"  >Gratis-Leseprobe<\/h2><div class=\"special-heading-border\"><div class=\"special-heading-inner-border\"><\/div><\/div><\/div>\n<section  class='av_textblock_section av-3ebg7-da75f53d2be896c42afef083a9ca366c '   itemscope=\"itemscope\" itemtype=\"https:\/\/schema.org\/CreativeWork\" ><div class='avia_textblock'  itemprop=\"text\" ><p>Bei <a href=\"https:\/\/www.amazon.de\/bitte-gehts-hier-Welt-Fremdsprachenlehrerin\/dp\/394259403X\/ref=sr_1_2?__mk_de_DE=%C3%85M%C3%85%C5%BD%C3%95%C3%91&amp;keywords=wo+bitte+gehts+hier+um+die+welt&amp;qid=1567160894&amp;s=books&amp;sr=1-2\" target=\"_blank\" rel=\"noopener noreferrer\">amazon (Blick ins Buch)<\/a> k\u00f6nnt ihr kostenlos in die ersten 1,5 Kapitel (Irland und Bolivien) reinlesen. So habt ihr die Gelegenheit unverbindlich zu erfahren, wie meine Reiseabenteuer anfingen und wie ich \u00fcberhaupt dazu kam, Fremdsprachenlehrerin zu werden.<\/p>\n<\/div><\/section>\n\n<style type=\"text\/css\" data-created_by=\"avia_inline_auto\" id=\"style-css-av-9683-9a92a5b43710c7260a2aef7a66d578a3\">\n#top .hr.hr-invisible.av-9683-9a92a5b43710c7260a2aef7a66d578a3{\nheight:50px;\n}\n<\/style>\n<div  class='hr av-9683-9a92a5b43710c7260a2aef7a66d578a3 hr-invisible  avia-builder-el-15  el_after_av_textblock  el_before_av_heading '><span class='hr-inner '><span class=\"hr-inner-style\"><\/span><\/span><\/div>\n\n<style type=\"text\/css\" data-created_by=\"avia_inline_auto\" id=\"style-css-av-10bdv-76497b8119323111f2a5113ad387b556\">\n#top .av-special-heading.av-10bdv-76497b8119323111f2a5113ad387b556{\npadding-bottom:10px;\n}\nbody .av-special-heading.av-10bdv-76497b8119323111f2a5113ad387b556 .av-special-heading-tag .heading-char{\nfont-size:25px;\n}\n.av-special-heading.av-10bdv-76497b8119323111f2a5113ad387b556 .av-subheading{\nfont-size:13px;\n}\n<\/style>\n<div  class='av-special-heading av-10bdv-76497b8119323111f2a5113ad387b556 av-special-heading-h2 blockquote modern-quote  avia-builder-el-16  el_after_av_hr  el_before_av_textblock '><h2 class='av-special-heading-tag '  itemprop=\"headline\"  >Erh\u00e4ltlich bei&#8230;<\/h2><div class='av-subheading av-subheading_below'><p>als Taschenbuch und Ebook<\/p>\n<\/div><div class=\"special-heading-border\"><div class=\"special-heading-inner-border\"><\/div><\/div><\/div>\n<section  class='av_textblock_section av-1bgrv-2075d26f8a1ecc7933a928d7f234e328 '   itemscope=\"itemscope\" itemtype=\"https:\/\/schema.org\/CreativeWork\" ><div class='avia_textblock'  itemprop=\"text\" ><p>&#8222;Wo\u00a0 bitte geht&#8217;s hier um die Welt? &#8211; 8 Jahre Abenteuer und Reisen einer Fremdsprachenlehrerin&#8220;<\/p>\n<p>Nina Buschmann<\/p>\n<p>Abenteuer-Reiseliteratur, erschienen als Taschenbuch bei 1-2-Buch, 2011,<\/p>\n<p>deutsch<\/p>\n<p>Taschenbuch ISBN 978-3-942594-03-5<\/p>\n<p>Ebook ISBN-13: 978-1-458010-94-0<\/p>\n<\/div><\/section>\n<section  class='av_textblock_section av-jk9j24ef-35618d80b3cd8f6c62a27f21ed0e1016 '   itemscope=\"itemscope\" itemtype=\"https:\/\/schema.org\/CreativeWork\" ><div class='avia_textblock'  itemprop=\"text\" ><p><a href=\"https:\/\/www.amazon.de\/bitte-gehts-hier-Welt-Fremdsprachenlehrerin\/dp\/394259403X\/ref=sr_1_1?ie=UTF8&amp;qid=1479075500&amp;sr=8-1&amp;keywords=wo+bitte+gehts+hier+um+die+welt\" target=\"_blank\" rel=\"noopener noreferrer\">amazon<\/a><\/p>\n<\/div><\/section>\n\n<style type=\"text\/css\" data-created_by=\"avia_inline_auto\" id=\"style-css-av-zakv-8157c56ebcc10618ad863984e0964a20\">\n#top .hr.hr-invisible.av-zakv-8157c56ebcc10618ad863984e0964a20{\nheight:50px;\n}\n<\/style>\n<div  class='hr av-zakv-8157c56ebcc10618ad863984e0964a20 hr-invisible  avia-builder-el-19  el_after_av_textblock  avia-builder-el-last '><span class='hr-inner '><span class=\"hr-inner-style\"><\/span><\/span><\/div>\n<div class=\"shariff\"><ul class=\"shariff-buttons theme-default orientation-horizontal buttonsize-medium\"><li class=\"shariff-button mailto shariff-nocustomcolor\" style=\"background-color:#a8a8a8\"><a href=\"mailto:?body=https%3A%2F%2Fninabuschmann.com%2Fde%2Fwo-bitte-gehts-hier-um-die-welt%2F&subject=Wo%20bitte%20geht%E2%80%99s%20hier%20um%20die%20Welt%3F%20%E2%80%93%20Das%20Abenteuerbuch\" title=\"Per E-Mail versenden\" aria-label=\"Per E-Mail versenden\" role=\"button\" rel=\"noopener nofollow\" class=\"shariff-link\" style=\"; background-color:#999; color:#fff\"><span class=\"shariff-icon\" style=\"\"><svg width=\"32px\" height=\"20px\" xmlns=\"http:\/\/www.w3.org\/2000\/svg\" viewBox=\"0 0 32 32\"><path fill=\"#999\" d=\"M32 12.7v14.2q0 1.2-0.8 2t-2 0.9h-26.3q-1.2 0-2-0.9t-0.8-2v-14.2q0.8 0.9 1.8 1.6 6.5 4.4 8.9 6.1 1 0.8 1.6 1.2t1.7 0.9 2 0.4h0.1q0.9 0 2-0.4t1.7-0.9 1.6-1.2q3-2.2 8.9-6.1 1-0.7 1.8-1.6zM32 7.4q0 1.4-0.9 2.7t-2.2 2.2q-6.7 4.7-8.4 5.8-0.2 0.1-0.7 0.5t-1 0.7-0.9 0.6-1.1 0.5-0.9 0.2h-0.1q-0.4 0-0.9-0.2t-1.1-0.5-0.9-0.6-1-0.7-0.7-0.5q-1.6-1.1-4.7-3.2t-3.6-2.6q-1.1-0.7-2.1-2t-1-2.5q0-1.4 0.7-2.3t2.1-0.9h26.3q1.2 0 2 0.8t0.9 2z\"\/><\/svg><\/span><span class=\"shariff-text\">E-Mail<\/span>&nbsp;<\/a><\/li><li class=\"shariff-button linkedin shariff-nocustomcolor\" style=\"background-color:#1488bf\"><a href=\"https:\/\/www.linkedin.com\/sharing\/share-offsite\/?url=https%3A%2F%2Fninabuschmann.com%2Fde%2Fwo-bitte-gehts-hier-um-die-welt%2F\" title=\"Bei LinkedIn teilen\" aria-label=\"Bei LinkedIn teilen\" role=\"button\" rel=\"noopener nofollow\" class=\"shariff-link\" style=\"; background-color:#0077b5; color:#fff\" target=\"_blank\"><span class=\"shariff-icon\" style=\"\"><svg width=\"32px\" height=\"20px\" xmlns=\"http:\/\/www.w3.org\/2000\/svg\" viewBox=\"0 0 27 32\"><path fill=\"#0077b5\" d=\"M6.2 11.2v17.7h-5.9v-17.7h5.9zM6.6 5.7q0 1.3-0.9 2.2t-2.4 0.9h0q-1.5 0-2.4-0.9t-0.9-2.2 0.9-2.2 2.4-0.9 2.4 0.9 0.9 2.2zM27.4 18.7v10.1h-5.9v-9.5q0-1.9-0.7-2.9t-2.3-1.1q-1.1 0-1.9 0.6t-1.2 1.5q-0.2 0.5-0.2 1.4v9.9h-5.9q0-7.1 0-11.6t0-5.3l0-0.9h5.9v2.6h0q0.4-0.6 0.7-1t1-0.9 1.6-0.8 2-0.3q3 0 4.9 2t1.9 6z\"\/><\/svg><\/span><span class=\"shariff-text\">teilen<\/span>&nbsp;<\/a><\/li><li class=\"shariff-button whatsapp shariff-nocustomcolor\" style=\"background-color:#5cbe4a\"><a href=\"https:\/\/api.whatsapp.com\/send?text=https%3A%2F%2Fninabuschmann.com%2Fde%2Fwo-bitte-gehts-hier-um-die-welt%2F%20Wo%20bitte%20geht%E2%80%99s%20hier%20um%20die%20Welt%3F%20%E2%80%93%20Das%20Abenteuerbuch\" title=\"Bei Whatsapp teilen\" aria-label=\"Bei Whatsapp teilen\" role=\"button\" rel=\"noopener nofollow\" class=\"shariff-link\" style=\"; background-color:#34af23; color:#fff\" target=\"_blank\"><span class=\"shariff-icon\" style=\"\"><svg width=\"32px\" height=\"20px\" xmlns=\"http:\/\/www.w3.org\/2000\/svg\" viewBox=\"0 0 32 32\"><path fill=\"#34af23\" d=\"M17.6 17.4q0.2 0 1.7 0.8t1.6 0.9q0 0.1 0 0.3 0 0.6-0.3 1.4-0.3 0.7-1.3 1.2t-1.8 0.5q-1 0-3.4-1.1-1.7-0.8-3-2.1t-2.6-3.3q-1.3-1.9-1.3-3.5v-0.1q0.1-1.6 1.3-2.8 0.4-0.4 0.9-0.4 0.1 0 0.3 0t0.3 0q0.3 0 0.5 0.1t0.3 0.5q0.1 0.4 0.6 1.6t0.4 1.3q0 0.4-0.6 1t-0.6 0.8q0 0.1 0.1 0.3 0.6 1.3 1.8 2.4 1 0.9 2.7 1.8 0.2 0.1 0.4 0.1 0.3 0 1-0.9t0.9-0.9zM14 26.9q2.3 0 4.3-0.9t3.6-2.4 2.4-3.6 0.9-4.3-0.9-4.3-2.4-3.6-3.6-2.4-4.3-0.9-4.3 0.9-3.6 2.4-2.4 3.6-0.9 4.3q0 3.6 2.1 6.6l-1.4 4.2 4.3-1.4q2.8 1.9 6.2 1.9zM14 2.2q2.7 0 5.2 1.1t4.3 2.9 2.9 4.3 1.1 5.2-1.1 5.2-2.9 4.3-4.3 2.9-5.2 1.1q-3.5 0-6.5-1.7l-7.4 2.4 2.4-7.2q-1.9-3.2-1.9-6.9 0-2.7 1.1-5.2t2.9-4.3 4.3-2.9 5.2-1.1z\"\/><\/svg><\/span><span class=\"shariff-text\">teilen<\/span>&nbsp;<\/a><\/li><li class=\"shariff-button facebook shariff-nocustomcolor\" style=\"background-color:#4273c8\"><a href=\"https:\/\/www.facebook.com\/sharer\/sharer.php?u=https%3A%2F%2Fninabuschmann.com%2Fde%2Fwo-bitte-gehts-hier-um-die-welt%2F\" title=\"Bei Facebook teilen\" aria-label=\"Bei Facebook teilen\" role=\"button\" rel=\"nofollow\" class=\"shariff-link\" style=\"; background-color:#3b5998; color:#fff\" target=\"_blank\"><span class=\"shariff-icon\" style=\"\"><svg width=\"32px\" height=\"20px\" xmlns=\"http:\/\/www.w3.org\/2000\/svg\" viewBox=\"0 0 18 32\"><path fill=\"#3b5998\" d=\"M17.1 0.2v4.7h-2.8q-1.5 0-2.1 0.6t-0.5 1.9v3.4h5.2l-0.7 5.3h-4.5v13.6h-5.5v-13.6h-4.5v-5.3h4.5v-3.9q0-3.3 1.9-5.2t5-1.8q2.6 0 4.1 0.2z\"\/><\/svg><\/span><span class=\"shariff-text\">teilen<\/span>&nbsp;<\/a><\/li><li class=\"shariff-button xing shariff-nocustomcolor\" style=\"background-color:#29888a\"><a href=\"https:\/\/www.xing.com\/spi\/shares\/new?url=https%3A%2F%2Fninabuschmann.com%2Fde%2Fwo-bitte-gehts-hier-um-die-welt%2F\" title=\"Bei XING teilen\" aria-label=\"Bei XING teilen\" role=\"button\" rel=\"noopener nofollow\" class=\"shariff-link\" style=\"; background-color:#126567; color:#fff\" target=\"_blank\"><span class=\"shariff-icon\" style=\"\"><svg width=\"32px\" height=\"20px\" xmlns=\"http:\/\/www.w3.org\/2000\/svg\" viewBox=\"0 0 25 32\"><path fill=\"#126567\" d=\"M10.7 11.9q-0.2 0.3-4.6 8.2-0.5 0.8-1.2 0.8h-4.3q-0.4 0-0.5-0.3t0-0.6l4.5-8q0 0 0 0l-2.9-5q-0.2-0.4 0-0.7 0.2-0.3 0.5-0.3h4.3q0.7 0 1.2 0.8zM25.1 0.4q0.2 0.3 0 0.7l-9.4 16.7 6 11q0.2 0.4 0 0.6-0.2 0.3-0.6 0.3h-4.3q-0.7 0-1.2-0.8l-6-11.1q0.3-0.6 9.5-16.8 0.4-0.8 1.2-0.8h4.3q0.4 0 0.5 0.3z\"\/><\/svg><\/span><span class=\"shariff-text\">teilen<\/span>&nbsp;<\/a><\/li><\/ul><\/div>","protected":false},"excerpt":{"rendered":"","protected":false},"author":1,"featured_media":1034,"parent":0,"menu_order":0,"comment_status":"closed","ping_status":"closed","template":"","meta":{"footnotes":""},"class_list":["post-71","page","type-page","status-publish","has-post-thumbnail","hentry"],"post_mailing_queue_ids":[],"_links":{"self":[{"href":"https:\/\/ninabuschmann.com\/de\/wp-json\/wp\/v2\/pages\/71","targetHints":{"allow":["GET"]}}],"collection":[{"href":"https:\/\/ninabuschmann.com\/de\/wp-json\/wp\/v2\/pages"}],"about":[{"href":"https:\/\/ninabuschmann.com\/de\/wp-json\/wp\/v2\/types\/page"}],"author":[{"embeddable":true,"href":"https:\/\/ninabuschmann.com\/de\/wp-json\/wp\/v2\/users\/1"}],"replies":[{"embeddable":true,"href":"https:\/\/ninabuschmann.com\/de\/wp-json\/wp\/v2\/comments?post=71"}],"version-history":[{"count":4,"href":"https:\/\/ninabuschmann.com\/de\/wp-json\/wp\/v2\/pages\/71\/revisions"}],"predecessor-version":[{"id":43486,"href":"https:\/\/ninabuschmann.com\/de\/wp-json\/wp\/v2\/pages\/71\/revisions\/43486"}],"wp:featuredmedia":[{"embeddable":true,"href":"https:\/\/ninabuschmann.com\/de\/wp-json\/wp\/v2\/media\/1034"}],"wp:attachment":[{"href":"https:\/\/ninabuschmann.com\/de\/wp-json\/wp\/v2\/media?parent=71"}],"curies":[{"name":"wp","href":"https:\/\/api.w.org\/{rel}","templated":true}]}}