{"id":73,"date":"2016-11-04T09:43:17","date_gmt":"2016-11-04T09:43:17","guid":{"rendered":"http:\/\/www.ninabuschmann.com\/?page_id=73"},"modified":"2026-02-15T17:43:54","modified_gmt":"2026-02-15T17:43:54","slug":"zwischen-bikini-und-abaya","status":"publish","type":"page","link":"https:\/\/ninabuschmann.com\/de\/zwischen-bikini-und-abaya\/","title":{"rendered":"Zwischen Bikini und Abaya &#8211; Erlebnisse aus 3 Jahren Oman"},"content":{"rendered":"\n<style type=\"text\/css\" data-created_by=\"avia_inline_auto\" id=\"style-css-av-mlo16w61-0ffabdbf88aa7e814c87619e386b5043\">\n#top .av-special-heading.av-mlo16w61-0ffabdbf88aa7e814c87619e386b5043{\npadding-bottom:10px;\n}\nbody .av-special-heading.av-mlo16w61-0ffabdbf88aa7e814c87619e386b5043 .av-special-heading-tag .heading-char{\nfont-size:25px;\n}\n.av-special-heading.av-mlo16w61-0ffabdbf88aa7e814c87619e386b5043 .av-subheading{\nfont-size:15px;\n}\n<\/style>\n<div  class='av-special-heading av-mlo16w61-0ffabdbf88aa7e814c87619e386b5043 av-special-heading-h1 blockquote modern-quote modern-centered  avia-builder-el-0  el_before_av_textblock  avia-builder-el-first '><h1 class='av-special-heading-tag '  itemprop=\"headline\"  >Zwischen Bikini und Abaya<\/h1><div class='av-subheading av-subheading_below'><p>3 Jahre im Oman<br \/>\nErlebnisse einer jungen Europ\u00e4erin<\/p>\n<\/div><div class=\"special-heading-border\"><div class=\"special-heading-inner-border\"><\/div><\/div><\/div>\n<section  class='av_textblock_section av-b7g1x-4b64bc698c15f5c391405c25ce29da86 '   itemscope=\"itemscope\" itemtype=\"https:\/\/schema.org\/CreativeWork\" ><div class='avia_textblock'  itemprop=\"text\" ><p>Nach 10 Jahren in verschiedenen westlichen und asiatischen L\u00e4ndern, sucht die 32-j\u00e4hrige <a href=\"https:\/\/www.ninabuschmann.com\/de\/ihre-sprach-und-reiseexpertin\" target=\"_blank\" rel=\"noopener\">Fremdsprachenlehrerin Nina<\/a> eine neue Herausforderung: der Nahe Osten. Neugier und ein Jobangebot als Dozentin an einem Journalistencollege f\u00fchren die M\u00fcnchnerin in das Sultanat Oman. Mit dem ausgepr\u00e4gten Wunsch, sich selbst ein Bild der islamischen und arabischen Welt zu machen, taucht die abenteuerlustige Singlefrau 3 Jahre lang in die Privat- und Arbeitswelt des Orients ein.<\/p>\n<p>Anhand <a href=\"https:\/\/www.ninabuschmann.com\/de\/fotogalerie-zu-zwischen-bikini-und-abaya\" target=\"_blank\" rel=\"noopener\">zahlreicher Fotos<\/a> beschreibt die Autorin von <a href=\"https:\/\/www.ninabuschmann.com\/de\/wo-bitte-gehts-hier-um-die-welt\">\u201cWo bitte geht\u2019s hier um die Welt?\u201d <\/a>ihren Alltag im Oman. Ihre\u00a0 <a href=\"https:\/\/www.ninabuschmann.com\/desert-crossing-sharqiya\" target=\"_blank\" rel=\"noopener\">Faszination f\u00fcr den Abenteuerspielplatz W\u00fcste<\/a> und die landschaftliche Sch\u00f6nheit des Landes, die Frustration \u00fcber die Einstellung der jungen Leute zu Studium und Arbeit, die legend\u00e4re arabische Gastfreundlichkeit \u2013 dieser Mix macht das Leben dort jeden Tag aufs Neue spannend, unvorhersehbar und bereichernd.<\/p>\n<\/div><\/section>\n<section  class='av_textblock_section av-ao9gt-88dfa6bff641a384919b9e4ce6982852 '   itemscope=\"itemscope\" itemtype=\"https:\/\/schema.org\/CreativeWork\" ><div class='avia_textblock'  itemprop=\"text\" ><p><strong>Zwischen Bikini und Abaya<\/strong> entstand als Ebook aus zahlreichen Tagebucheintr\u00e4gen w\u00e4hrend Nina&#8217;s Zeit im Oman. Diese Momenterfassungen waren oft sehr emotional. Der Oman ist ohne Diskussion\u00a0eine Reise wert, da wenig L\u00e4nder ihm bez\u00fcglich seiner Gastfreundlichkeit, Sicherheit und Sch\u00f6nheit das Wasser reichen k\u00f6nnen.<\/p>\n<\/div><\/section>\n\n<style type=\"text\/css\" data-created_by=\"avia_inline_auto\" id=\"style-css-av-9xy0h-a79e82d6e5f74aecc74c417ffd59bb73\">\n#top .hr.hr-invisible.av-9xy0h-a79e82d6e5f74aecc74c417ffd59bb73{\nheight:30px;\n}\n<\/style>\n<div  class='hr av-9xy0h-a79e82d6e5f74aecc74c417ffd59bb73 hr-invisible  avia-builder-el-3  el_after_av_textblock  el_before_av_image '><span class='hr-inner '><span class=\"hr-inner-style\"><\/span><\/span><\/div>\n\n<style type=\"text\/css\" data-created_by=\"avia_inline_auto\" id=\"style-css-av-9ieod-00f00c9f28e33d141bf61e11c8408090\">\n.avia-image-container.av-9ieod-00f00c9f28e33d141bf61e11c8408090 img.avia_image{\nbox-shadow:none;\n}\n.avia-image-container.av-9ieod-00f00c9f28e33d141bf61e11c8408090 .av-image-caption-overlay-center{\ncolor:#ffffff;\n}\n<\/style>\n<div  class='avia-image-container av-9ieod-00f00c9f28e33d141bf61e11c8408090 av-styling- avia-align-center  avia-builder-el-4  el_after_av_hr  el_before_av_hr '   itemprop=\"image\" itemscope=\"itemscope\" itemtype=\"https:\/\/schema.org\/ImageObject\" ><div class=\"avia-image-container-inner\"><div class=\"avia-image-overlay-wrap\"><img decoding=\"async\" fetchpriority=\"high\" class='wp-image-2216 avia-img-lazy-loading-not-2216 avia_image ' src=\"https:\/\/ninabuschmann.com\/wp-content\/uploads\/2016\/10\/Zwischen-Bikini-und-Abaya-Cover-small.jpg\" alt='Zwischen Bikini und Abaya, 3 Jahre im Oman, Cover, als Frau im Oman' title='Zwischen Bikini und Abaya Cover'  height=\"499\" width=\"313\"  itemprop=\"thumbnailUrl\" srcset=\"https:\/\/ninabuschmann.com\/wp-content\/uploads\/2016\/10\/Zwischen-Bikini-und-Abaya-Cover-small.jpg 313w, https:\/\/ninabuschmann.com\/wp-content\/uploads\/2016\/10\/Zwischen-Bikini-und-Abaya-Cover-small-188x300.jpg 188w\" sizes=\"(max-width: 313px) 100vw, 313px\" \/><\/div><\/div><\/div>\n\n<style type=\"text\/css\" data-created_by=\"avia_inline_auto\" id=\"style-css-av-8u5j1-8012b1d5a7497a1db159af2cac6fe724\">\n#top .hr.hr-invisible.av-8u5j1-8012b1d5a7497a1db159af2cac6fe724{\nheight:50px;\n}\n<\/style>\n<div  class='hr av-8u5j1-8012b1d5a7497a1db159af2cac6fe724 hr-invisible  avia-builder-el-5  el_after_av_image  el_before_av_heading '><span class='hr-inner '><span class=\"hr-inner-style\"><\/span><\/span><\/div>\n\n<style type=\"text\/css\" data-created_by=\"avia_inline_auto\" id=\"style-css-av-1x2mp-e184f6b9327a300bb6ceb5018505c09a\">\n#top .av-special-heading.av-1x2mp-e184f6b9327a300bb6ceb5018505c09a{\npadding-bottom:10px;\n}\nbody .av-special-heading.av-1x2mp-e184f6b9327a300bb6ceb5018505c09a .av-special-heading-tag .heading-char{\nfont-size:25px;\n}\n.av-special-heading.av-1x2mp-e184f6b9327a300bb6ceb5018505c09a .av-subheading{\nfont-size:15px;\n}\n<\/style>\n<div  class='av-special-heading av-1x2mp-e184f6b9327a300bb6ceb5018505c09a av-special-heading-h2 blockquote modern-quote  avia-builder-el-6  el_after_av_hr  el_before_av_testimonials '><h2 class='av-special-heading-tag '  itemprop=\"headline\"  >Warum andere Leser \u2018Zwischen Bikini und Abaya\u2019 empfehlen<\/h2><div class=\"special-heading-border\"><div class=\"special-heading-inner-border\"><\/div><\/div><\/div>\n<div  class='avia-testimonial-wrapper av-78mrt-a8f0ef8a095661292edd2de3894e3aec avia-grid-testimonials avia-grid-2-testimonials avia_animate_when_almost_visible' >\n<section class=\"avia-testimonial-row\"><div class='avia-testimonial av-6mln1-7a96cd9371c0b6eb8fb30e029df30e5d avia-testimonial-row-1 avia-first-testimonial flex_column no_margin av_one_half'><div class='avia-testimonial_inner'  itemscope=\"itemscope\" itemtype=\"https:\/\/schema.org\/CreativeWork\" ><div class='avia-testimonial-content '><div class='avia-testimonial-markup-entry-content'  itemprop=\"text\" ><p>4.0 von 5 Sternen<\/p>\n<p>Gut gegen Fernweh<br \/>\nVon Amazon Kunde am 19. April 2016<\/p>\n<p>Eine junge, blonde Deutsche verschl\u00e4gt es als Englischlehrerin v\u00f6llig unvorbereitet in den Oman. Da sie voll Mut und Abenteuerlust steckt, erlebt sie dieses Land in all seiner Eigenheit und versteht dies hinrei\u00dfend zu erz\u00e4hlen.<br \/>\nMit wunderbaren Bildern erg\u00e4nzt entsteht hier ein Bericht der schwankt zwischen Faszination und Frustration f\u00fcr Land und Leute und der gro\u00dfen Liebe f\u00fcr die W\u00fcste.<\/p>\n<\/div><\/div><div class=\"avia-testimonial-meta\"><div class=\"avia-testimonial-arrow-wrap\"><div class=\"avia-arrow\"><\/div><\/div><div class='avia-testimonial-meta-mini'  itemprop=\"author\" itemscope=\"itemscope\" itemtype=\"https:\/\/schema.org\/Person\" ><strong  class='avia-testimonial-name'  itemprop=\"name\" >amazon Kunde<\/strong><span  class='avia-testimonial-subtitle '  itemprop=\"jobTitle\" >auf amazon<\/span><\/div><\/div><\/div><\/div>\n<div class='avia-testimonial av-6h5cd-181fa591540b0b6516433fc4a12a7e12 avia-testimonial-row-1 avia-last-testimonial flex_column no_margin av_one_half'><div class='avia-testimonial_inner'  itemscope=\"itemscope\" itemtype=\"https:\/\/schema.org\/CreativeWork\" ><div class='avia-testimonial-content '><div class='avia-testimonial-markup-entry-content'  itemprop=\"text\" ><p>4.0 von 5 Sternen<\/p>\n<p>Informatives Buch<br \/>\nVon Amazon Customer am 16. April 2016<\/p>\n<p>War f\u00fcr mich sehr interessant, weil ich vor 2 Jahren Urlaub in Oman gemacht habe. Gut geschrieben, hat mir gut gefallen.<\/p>\n<\/div><\/div><div class=\"avia-testimonial-meta\"><div class=\"avia-testimonial-arrow-wrap\"><div class=\"avia-arrow\"><\/div><\/div><div class='avia-testimonial-meta-mini'  itemprop=\"author\" itemscope=\"itemscope\" itemtype=\"https:\/\/schema.org\/Person\" ><strong  class='avia-testimonial-name'  itemprop=\"name\" >amazon Customer<\/strong><span  class='avia-testimonial-subtitle '  itemprop=\"jobTitle\" >auf amazon<\/span><\/div><\/div><\/div><\/div><\/section>\n<\/div>\n\n<style type=\"text\/css\" data-created_by=\"avia_inline_auto\" id=\"style-css-av-5xeul-73096f0d0cb4348ba675f810b7cd2e0a\">\n#top .hr.hr-invisible.av-5xeul-73096f0d0cb4348ba675f810b7cd2e0a{\nheight:50px;\n}\n<\/style>\n<div  class='hr av-5xeul-73096f0d0cb4348ba675f810b7cd2e0a hr-invisible  avia-builder-el-8  el_after_av_testimonials  el_before_av_heading '><span class='hr-inner '><span class=\"hr-inner-style\"><\/span><\/span><\/div>\n\n<style type=\"text\/css\" data-created_by=\"avia_inline_auto\" id=\"style-css-av-5j7h-faf9e893d54a9abe1b4525d5760b1b62\">\n#top .av-special-heading.av-5j7h-faf9e893d54a9abe1b4525d5760b1b62{\npadding-bottom:10px;\n}\nbody .av-special-heading.av-5j7h-faf9e893d54a9abe1b4525d5760b1b62 .av-special-heading-tag .heading-char{\nfont-size:25px;\n}\n.av-special-heading.av-5j7h-faf9e893d54a9abe1b4525d5760b1b62 .av-subheading{\nfont-size:15px;\n}\n<\/style>\n<div  class='av-special-heading av-5j7h-faf9e893d54a9abe1b4525d5760b1b62 av-special-heading-h2 blockquote modern-quote  avia-builder-el-9  el_after_av_hr  el_before_av_textblock '><h2 class='av-special-heading-tag '  itemprop=\"headline\"  >Kostenlos Reinlesen<\/h2><div class=\"special-heading-border\"><div class=\"special-heading-inner-border\"><\/div><\/div><\/div>\n<section  class='av_textblock_section av-gbeh-56141d802f0f1125ad885dee5e6bcf8e '   itemscope=\"itemscope\" itemtype=\"https:\/\/schema.org\/CreativeWork\" ><div class='avia_textblock'  itemprop=\"text\" ><p>Auf <a href=\"http:\/\/www.thalia.de\/shop\/home\/artikeldetails\/zwischen_bikini_und_abaya\/nina_buschmann\/EAN9783739329017\/ID44368414.html\" target=\"_blank\" rel=\"noopener\">Thalia.de<\/a> und nat\u00fcrlich auch auf amazon kann man einen <a href=\"https:\/\/www.amazon.de\/Zwischen-Bikini-Abaya-Erlebnisse-Europ%C3%A4erin-ebook\/dp\/B018RK2OTY\" target=\"_blank\" rel=\"noopener\">kostenlosen Blick ins Buch werfen<\/a> und sich in den Anfang reinlesen.<\/p>\n<\/div><\/section>\n\n<style type=\"text\/css\" data-created_by=\"avia_inline_auto\" id=\"style-css-av-44r2l-45d05a060a719edf5487bb763fd79462\">\n#top .hr.hr-invisible.av-44r2l-45d05a060a719edf5487bb763fd79462{\nheight:50px;\n}\n<\/style>\n<div  class='hr av-44r2l-45d05a060a719edf5487bb763fd79462 hr-invisible  avia-builder-el-11  el_after_av_textblock  el_before_av_textblock '><span class='hr-inner '><span class=\"hr-inner-style\"><\/span><\/span><\/div>\n<section  class='av_textblock_section av-3hpo9-7b7667bc3780b31cbf24ed376c9d2000 '   itemscope=\"itemscope\" itemtype=\"https:\/\/schema.org\/CreativeWork\" ><div class='avia_textblock'  itemprop=\"text\" ><p>&#8222;Zwischen Bikini und Abaya &#8211; 3 Jahre im Oman, Erlebnisse einer jungen Europ\u00e4erin&#8220;<\/p>\n<p>Nina Buschmann<\/p>\n<p>Reiseliteratur<\/p>\n<p>erschienen als Ebook November 2015<\/p>\n<p>deutsch<\/p>\n<p>mit Fotos<\/p>\n<p>Worte: 21,240<\/p>\n<p>ISBN 9781311894946<\/p>\n<\/div><\/section>\n\n<style type=\"text\/css\" data-created_by=\"avia_inline_auto\" id=\"style-css-av-2qf19-359a3d68e6cd7e94efa7733ec96221c0\">\n#top .hr.hr-invisible.av-2qf19-359a3d68e6cd7e94efa7733ec96221c0{\nheight:30px;\n}\n<\/style>\n<div  class='hr av-2qf19-359a3d68e6cd7e94efa7733ec96221c0 hr-invisible  avia-builder-el-13  el_after_av_textblock  el_before_av_heading '><span class='hr-inner '><span class=\"hr-inner-style\"><\/span><\/span><\/div>\n\n<style type=\"text\/css\" data-created_by=\"avia_inline_auto\" id=\"style-css-av-12y29-0df2aa1f65f10440579f81a3f21f02ae\">\n#top .av-special-heading.av-12y29-0df2aa1f65f10440579f81a3f21f02ae{\npadding-bottom:10px;\n}\nbody .av-special-heading.av-12y29-0df2aa1f65f10440579f81a3f21f02ae .av-special-heading-tag .heading-char{\nfont-size:25px;\n}\n.av-special-heading.av-12y29-0df2aa1f65f10440579f81a3f21f02ae .av-subheading{\nfont-size:15px;\n}\n<\/style>\n<div  class='av-special-heading av-12y29-0df2aa1f65f10440579f81a3f21f02ae av-special-heading-h2 blockquote modern-quote  avia-builder-el-14  el_after_av_hr  el_before_av_textblock '><h2 class='av-special-heading-tag '  itemprop=\"headline\"  >Ebook erh\u00e4ltlich bei<\/h2><div class=\"special-heading-border\"><div class=\"special-heading-inner-border\"><\/div><\/div><\/div>\n<section  class='av_textblock_section av-1asmh-bf69456ab8b4f79be1d9eed9e6d8db5b '   itemscope=\"itemscope\" itemtype=\"https:\/\/schema.org\/CreativeWork\" ><div class='avia_textblock'  itemprop=\"text\" ><p><a href=\"http:\/\/www.smashwords.com\/books\/view\/596248\" target=\"_blank\" rel=\"noopener\">smashwords<\/a><\/p>\n<p><a href=\"https:\/\/www.amazon.de\/Zwischen-Bikini-Abaya-Erlebnisse-Europ%C3%A4erin-ebook\/dp\/B018RK2OTY\" target=\"_blank\" rel=\"noopener\">Amazon<\/a><\/p>\n<p><a href=\"http:\/\/www.thalia.de\/shop\/home\/artikeldetails\/zwischen_bikini_und_abaya\/nina_buschmann\/EAN9783739329017\/ID44368414.html\" target=\"_blank\" rel=\"noopener\">Thalia<\/a><\/p>\n<\/div><\/section>\n\n<style type=\"text\/css\" data-created_by=\"avia_inline_auto\" id=\"style-css-av-z4bx-a7f9bab2f6b4b8c3ce9f860e53270e39\">\n#top .hr.hr-invisible.av-z4bx-a7f9bab2f6b4b8c3ce9f860e53270e39{\nheight:50px;\n}\n<\/style>\n<div  class='hr av-z4bx-a7f9bab2f6b4b8c3ce9f860e53270e39 hr-invisible  avia-builder-el-16  el_after_av_textblock  avia-builder-el-last '><span class='hr-inner '><span class=\"hr-inner-style\"><\/span><\/span><\/div>\n<div class=\"shariff\"><ul class=\"shariff-buttons theme-default orientation-horizontal buttonsize-medium\"><li class=\"shariff-button mailto shariff-nocustomcolor\" style=\"background-color:#a8a8a8\"><a href=\"mailto:?body=https%3A%2F%2Fninabuschmann.com%2Fde%2Fzwischen-bikini-und-abaya%2F&subject=Zwischen%20Bikini%20und%20Abaya%20%E2%80%93%20Erlebnisse%20aus%203%20Jahren%20Oman\" title=\"Per E-Mail versenden\" aria-label=\"Per E-Mail versenden\" role=\"button\" rel=\"noopener nofollow\" class=\"shariff-link\" style=\"; background-color:#999; color:#fff\"><span class=\"shariff-icon\" style=\"\"><svg width=\"32px\" height=\"20px\" xmlns=\"http:\/\/www.w3.org\/2000\/svg\" viewBox=\"0 0 32 32\"><path fill=\"#999\" d=\"M32 12.7v14.2q0 1.2-0.8 2t-2 0.9h-26.3q-1.2 0-2-0.9t-0.8-2v-14.2q0.8 0.9 1.8 1.6 6.5 4.4 8.9 6.1 1 0.8 1.6 1.2t1.7 0.9 2 0.4h0.1q0.9 0 2-0.4t1.7-0.9 1.6-1.2q3-2.2 8.9-6.1 1-0.7 1.8-1.6zM32 7.4q0 1.4-0.9 2.7t-2.2 2.2q-6.7 4.7-8.4 5.8-0.2 0.1-0.7 0.5t-1 0.7-0.9 0.6-1.1 0.5-0.9 0.2h-0.1q-0.4 0-0.9-0.2t-1.1-0.5-0.9-0.6-1-0.7-0.7-0.5q-1.6-1.1-4.7-3.2t-3.6-2.6q-1.1-0.7-2.1-2t-1-2.5q0-1.4 0.7-2.3t2.1-0.9h26.3q1.2 0 2 0.8t0.9 2z\"\/><\/svg><\/span><span class=\"shariff-text\">E-Mail<\/span>&nbsp;<\/a><\/li><li class=\"shariff-button linkedin shariff-nocustomcolor\" style=\"background-color:#1488bf\"><a href=\"https:\/\/www.linkedin.com\/sharing\/share-offsite\/?url=https%3A%2F%2Fninabuschmann.com%2Fde%2Fzwischen-bikini-und-abaya%2F\" title=\"Bei LinkedIn teilen\" aria-label=\"Bei LinkedIn teilen\" role=\"button\" rel=\"noopener nofollow\" class=\"shariff-link\" style=\"; background-color:#0077b5; color:#fff\" target=\"_blank\"><span class=\"shariff-icon\" style=\"\"><svg width=\"32px\" height=\"20px\" xmlns=\"http:\/\/www.w3.org\/2000\/svg\" viewBox=\"0 0 27 32\"><path fill=\"#0077b5\" d=\"M6.2 11.2v17.7h-5.9v-17.7h5.9zM6.6 5.7q0 1.3-0.9 2.2t-2.4 0.9h0q-1.5 0-2.4-0.9t-0.9-2.2 0.9-2.2 2.4-0.9 2.4 0.9 0.9 2.2zM27.4 18.7v10.1h-5.9v-9.5q0-1.9-0.7-2.9t-2.3-1.1q-1.1 0-1.9 0.6t-1.2 1.5q-0.2 0.5-0.2 1.4v9.9h-5.9q0-7.1 0-11.6t0-5.3l0-0.9h5.9v2.6h0q0.4-0.6 0.7-1t1-0.9 1.6-0.8 2-0.3q3 0 4.9 2t1.9 6z\"\/><\/svg><\/span><span class=\"shariff-text\">teilen<\/span>&nbsp;<\/a><\/li><li class=\"shariff-button whatsapp shariff-nocustomcolor\" style=\"background-color:#5cbe4a\"><a href=\"https:\/\/api.whatsapp.com\/send?text=https%3A%2F%2Fninabuschmann.com%2Fde%2Fzwischen-bikini-und-abaya%2F%20Zwischen%20Bikini%20und%20Abaya%20%E2%80%93%20Erlebnisse%20aus%203%20Jahren%20Oman\" title=\"Bei Whatsapp teilen\" aria-label=\"Bei Whatsapp teilen\" role=\"button\" rel=\"noopener nofollow\" class=\"shariff-link\" style=\"; background-color:#34af23; color:#fff\" target=\"_blank\"><span class=\"shariff-icon\" style=\"\"><svg width=\"32px\" height=\"20px\" xmlns=\"http:\/\/www.w3.org\/2000\/svg\" viewBox=\"0 0 32 32\"><path fill=\"#34af23\" d=\"M17.6 17.4q0.2 0 1.7 0.8t1.6 0.9q0 0.1 0 0.3 0 0.6-0.3 1.4-0.3 0.7-1.3 1.2t-1.8 0.5q-1 0-3.4-1.1-1.7-0.8-3-2.1t-2.6-3.3q-1.3-1.9-1.3-3.5v-0.1q0.1-1.6 1.3-2.8 0.4-0.4 0.9-0.4 0.1 0 0.3 0t0.3 0q0.3 0 0.5 0.1t0.3 0.5q0.1 0.4 0.6 1.6t0.4 1.3q0 0.4-0.6 1t-0.6 0.8q0 0.1 0.1 0.3 0.6 1.3 1.8 2.4 1 0.9 2.7 1.8 0.2 0.1 0.4 0.1 0.3 0 1-0.9t0.9-0.9zM14 26.9q2.3 0 4.3-0.9t3.6-2.4 2.4-3.6 0.9-4.3-0.9-4.3-2.4-3.6-3.6-2.4-4.3-0.9-4.3 0.9-3.6 2.4-2.4 3.6-0.9 4.3q0 3.6 2.1 6.6l-1.4 4.2 4.3-1.4q2.8 1.9 6.2 1.9zM14 2.2q2.7 0 5.2 1.1t4.3 2.9 2.9 4.3 1.1 5.2-1.1 5.2-2.9 4.3-4.3 2.9-5.2 1.1q-3.5 0-6.5-1.7l-7.4 2.4 2.4-7.2q-1.9-3.2-1.9-6.9 0-2.7 1.1-5.2t2.9-4.3 4.3-2.9 5.2-1.1z\"\/><\/svg><\/span><span class=\"shariff-text\">teilen<\/span>&nbsp;<\/a><\/li><li class=\"shariff-button facebook shariff-nocustomcolor\" style=\"background-color:#4273c8\"><a href=\"https:\/\/www.facebook.com\/sharer\/sharer.php?u=https%3A%2F%2Fninabuschmann.com%2Fde%2Fzwischen-bikini-und-abaya%2F\" title=\"Bei Facebook teilen\" aria-label=\"Bei Facebook teilen\" role=\"button\" rel=\"nofollow\" class=\"shariff-link\" style=\"; background-color:#3b5998; color:#fff\" target=\"_blank\"><span class=\"shariff-icon\" style=\"\"><svg width=\"32px\" height=\"20px\" xmlns=\"http:\/\/www.w3.org\/2000\/svg\" viewBox=\"0 0 18 32\"><path fill=\"#3b5998\" d=\"M17.1 0.2v4.7h-2.8q-1.5 0-2.1 0.6t-0.5 1.9v3.4h5.2l-0.7 5.3h-4.5v13.6h-5.5v-13.6h-4.5v-5.3h4.5v-3.9q0-3.3 1.9-5.2t5-1.8q2.6 0 4.1 0.2z\"\/><\/svg><\/span><span class=\"shariff-text\">teilen<\/span>&nbsp;<\/a><\/li><li class=\"shariff-button xing shariff-nocustomcolor\" style=\"background-color:#29888a\"><a href=\"https:\/\/www.xing.com\/spi\/shares\/new?url=https%3A%2F%2Fninabuschmann.com%2Fde%2Fzwischen-bikini-und-abaya%2F\" title=\"Bei XING teilen\" aria-label=\"Bei XING teilen\" role=\"button\" rel=\"noopener nofollow\" class=\"shariff-link\" style=\"; background-color:#126567; color:#fff\" target=\"_blank\"><span class=\"shariff-icon\" style=\"\"><svg width=\"32px\" height=\"20px\" xmlns=\"http:\/\/www.w3.org\/2000\/svg\" viewBox=\"0 0 25 32\"><path fill=\"#126567\" d=\"M10.7 11.9q-0.2 0.3-4.6 8.2-0.5 0.8-1.2 0.8h-4.3q-0.4 0-0.5-0.3t0-0.6l4.5-8q0 0 0 0l-2.9-5q-0.2-0.4 0-0.7 0.2-0.3 0.5-0.3h4.3q0.7 0 1.2 0.8zM25.1 0.4q0.2 0.3 0 0.7l-9.4 16.7 6 11q0.2 0.4 0 0.6-0.2 0.3-0.6 0.3h-4.3q-0.7 0-1.2-0.8l-6-11.1q0.3-0.6 9.5-16.8 0.4-0.8 1.2-0.8h4.3q0.4 0 0.5 0.3z\"\/><\/svg><\/span><span class=\"shariff-text\">teilen<\/span>&nbsp;<\/a><\/li><\/ul><\/div>","protected":false},"excerpt":{"rendered":"","protected":false},"author":1,"featured_media":26,"parent":0,"menu_order":0,"comment_status":"closed","ping_status":"closed","template":"","meta":{"footnotes":""},"class_list":["post-73","page","type-page","status-publish","has-post-thumbnail","hentry"],"post_mailing_queue_ids":[],"_links":{"self":[{"href":"https:\/\/ninabuschmann.com\/de\/wp-json\/wp\/v2\/pages\/73","targetHints":{"allow":["GET"]}}],"collection":[{"href":"https:\/\/ninabuschmann.com\/de\/wp-json\/wp\/v2\/pages"}],"about":[{"href":"https:\/\/ninabuschmann.com\/de\/wp-json\/wp\/v2\/types\/page"}],"author":[{"embeddable":true,"href":"https:\/\/ninabuschmann.com\/de\/wp-json\/wp\/v2\/users\/1"}],"replies":[{"embeddable":true,"href":"https:\/\/ninabuschmann.com\/de\/wp-json\/wp\/v2\/comments?post=73"}],"version-history":[{"count":3,"href":"https:\/\/ninabuschmann.com\/de\/wp-json\/wp\/v2\/pages\/73\/revisions"}],"predecessor-version":[{"id":43483,"href":"https:\/\/ninabuschmann.com\/de\/wp-json\/wp\/v2\/pages\/73\/revisions\/43483"}],"wp:featuredmedia":[{"embeddable":true,"href":"https:\/\/ninabuschmann.com\/de\/wp-json\/wp\/v2\/media\/26"}],"wp:attachment":[{"href":"https:\/\/ninabuschmann.com\/de\/wp-json\/wp\/v2\/media?parent=73"}],"curies":[{"name":"wp","href":"https:\/\/api.w.org\/{rel}","templated":true}]}}